{"id":13,"date":"2023-03-04T22:53:12","date_gmt":"2023-03-04T21:53:12","guid":{"rendered":"https:\/\/herder-grundschule.de\/test\/wordpress\/?page_id=13"},"modified":"2025-09-29T21:29:18","modified_gmt":"2025-09-29T19:29:18","slug":"kontakt-und-impressum","status":"publish","type":"page","link":"https:\/\/herder-grundschule.de\/index.php\/kontakt-und-impressum\/","title":{"rendered":"Kontakt und Impressum"},"content":{"rendered":"\n<h4>Herder-Grundschule (St\u00e4dt. Gemeinschaftsgrundschule Eving)<\/h4>\n\n\n\n<p>Gretelweg 15<br>44339 Dortmund<\/p>\n\n\n\n<p>Telefon: 0231 5020840<\/p>\n\n\n\n<p>herder-grundschule@stadtdo.de<br><\/p>\n\n\n\n<div style=\"height:35px\" aria-hidden=\"true\" class=\"wp-block-spacer\"><\/div>\n\n\n\n<p>Die Herder-Grundschule ist eine K\u00f6rperschaft des \u00d6ffentlichen Rechts. Sie wird kommissarisch durch Frau Nadine Kolek gesetzlich vertreten.<\/p>\n\n\n\n<p><strong>Zust\u00e4ndige Aufsichtsbeh\u00f6rde:<\/strong><br>Schulamt f\u00fcr die Stadt Dortmund<br>K\u00f6nigswall 25-27<br>44137 Dortmund<\/p>\n\n\n\n<div style=\"height:35px\" aria-hidden=\"true\" class=\"wp-block-spacer\"><\/div>\n\n\n\n<h4>OGS der Herder-Grundschule<\/h4>\n\n\n\n<p>Gretelweg 3<br>44339 Dortmund<\/p>\n\n\n\n<p>Telefon: 0231 98229320<\/p>\n\n\n\n<p>ogs_mitarbeiter@herder-grundschule-edu.de<br><\/p>\n\n\n\n<div style=\"height:100px\" aria-hidden=\"true\" class=\"wp-block-spacer\"><\/div>\n\n\n\n<h4>Urheberrecht<\/h4>\n\n\n\n<p>Die Urheber- und Nutzungsrechte (Copyright) f\u00fcr Texte, Grafiken, Bilder, Designs und Quellcodes liegen beim oben genannten Betreiber. Die nicht-kommerzielle Erstellung, Verwendung und Weitergabe von Kopien in elektronischer oder ausgedruckter Form sind erlaubt, wenn der Inhalt unver\u00e4ndert bleibt, die Quelle angegeben wird und keine Rechte Dritter betroffen sind.<\/p>\n\n\n\n<h4>Haftungsausschuss<\/h4>\n\n\n\n<p>Der oben genannte Betreiber erstellt die Informationen auf seinen Seiten mit gro\u00dfer Sorgfalt und ist darum bem\u00fcht, Aktualit\u00e4t, Korrektheit und Vollst\u00e4ndigkeit sicher zu stellen. Er erhebt aber keinen Anspruch auf Aktualit\u00e4t beziehungsweise Vollst\u00e4ndigkeit. Alle Inhalte sind zur allgemeinen Information bestimmt und stellen keine gesch\u00e4ftliche, rechtliche oder sonstige Beratungsdienstleistung dar. Er \u00fcbernimmt keine Gew\u00e4hr und haftet nicht f\u00fcr etwaige Sch\u00e4den materieller oder ideeller Art, die durch Nutzung des Dienstes verursacht werden, soweit sie nicht nachweislich durch Vorsatz oder grobe Fahrl\u00e4ssigkeit verschuldet sind. Auf die Inhalte von verlinkten Seiten hat der oben genannte Betreiber keinen Einfluss. F\u00fcr die Angebote Dritter wird keinerlei Haftung \u00fcbernommen. Sollten Userinnen und User dort bedenkliche Inhalte wahrnehmen, so w\u00e4re ein Hinweis hilfreich. Es wird darauf hingewiesen, dass Teile von Seiten oder auch das gesamte Angebot ohne gesonderte Ank\u00fcndigung ver\u00e4ndert, erg\u00e4nzt oder gel\u00f6scht werden k\u00f6nnen. Auch die vor\u00fcbergehende oder endg\u00fcltige Beendigung der Ver\u00f6ffentlichung ist ohne Ank\u00fcndigung m\u00f6glich.<\/p>\n","protected":false},"excerpt":{"rendered":"<p>Herder-Grundschule (St\u00e4dt. Gemeinschaftsgrundschule Eving) Gretelweg 1544339 Dortmund Telefon: 0231 5020840 herder-grundschule@stadtdo.de Die Herder-Grundschule ist eine K\u00f6rperschaft des \u00d6ffentlichen Rechts. Sie wird kommissarisch durch Frau Nadine Kolek gesetzlich vertreten. Zust\u00e4ndige Aufsichtsbeh\u00f6rde:Schulamt [&hellip;]<\/p>\n","protected":false},"author":1,"featured_media":0,"parent":0,"menu_order":0,"comment_status":"closed","ping_status":"closed","template":"","meta":{"_EventAllDay":false,"_EventTimezone":"","_EventStartDate":"","_EventEndDate":"","_EventStartDateUTC":"","_EventEndDateUTC":"","_EventShowMap":false,"_EventShowMapLink":false,"_EventURL":"","_EventCost":"","_EventCostDescription":"","_EventCurrencySymbol":"","_EventCurrencyCode":"","_EventCurrencyPosition":"","_EventDateTimeSeparator":"","_EventTimeRangeSeparator":"","_EventOrganizerID":[],"_EventVenueID":0,"_OrganizerEmail":"","_OrganizerPhone":"","_OrganizerWebsite":"","_VenueAddress":"","_VenueCity":"","_VenueCountry":"","_VenueProvince":"","_VenueZip":"","_VenuePhone":"","_VenueURL":"","_VenueStateProvince":"","_VenueLat":"","_VenueLng":""},"_links":{"self":[{"href":"https:\/\/herder-grundschule.de\/index.php\/wp-json\/wp\/v2\/pages\/13"}],"collection":[{"href":"https:\/\/herder-grundschule.de\/index.php\/wp-json\/wp\/v2\/pages"}],"about":[{"href":"https:\/\/herder-grundschule.de\/index.php\/wp-json\/wp\/v2\/types\/page"}],"author":[{"embeddable":true,"href":"https:\/\/herder-grundschule.de\/index.php\/wp-json\/wp\/v2\/users\/1"}],"replies":[{"embeddable":true,"href":"https:\/\/herder-grundschule.de\/index.php\/wp-json\/wp\/v2\/comments?post=13"}],"version-history":[{"count":22,"href":"https:\/\/herder-grundschule.de\/index.php\/wp-json\/wp\/v2\/pages\/13\/revisions"}],"predecessor-version":[{"id":1005,"href":"https:\/\/herder-grundschule.de\/index.php\/wp-json\/wp\/v2\/pages\/13\/revisions\/1005"}],"wp:attachment":[{"href":"https:\/\/herder-grundschule.de\/index.php\/wp-json\/wp\/v2\/media?parent=13"}],"curies":[{"name":"wp","href":"https:\/\/api.w.org\/{rel}","templated":true}]}}