{"id":134,"date":"2023-06-28T11:07:32","date_gmt":"2023-06-28T09:07:32","guid":{"rendered":"https:\/\/herder-grundschule.de\/test\/wordpress\/?page_id=134"},"modified":"2023-08-03T07:38:06","modified_gmt":"2023-08-03T05:38:06","slug":"datenschutz","status":"publish","type":"page","link":"https:\/\/herder-grundschule.de\/index.php\/datenschutz\/","title":{"rendered":"Datenschutz"},"content":{"rendered":"\n<h4>Die Adresse der Website lautet:<br>https:\/\/herder-grundschule.de<\/h4>\n\n\n\n<div style=\"height:35px\" aria-hidden=\"true\" class=\"wp-block-spacer\"><\/div>\n\n\n\n<h4>Geltungsbereich<\/h4>\n\n\n\n<p>Diese Datenschutzerkl\u00e4rung soll die Nutzerinnen und Nutzer dieser Website gem\u00e4\u00df Bundesdatenschutzgesetz und Telemediengesetz \u00fcber die Art, den Umfang und den Zweck der Erhebung und Verwendung personenbezogener Daten durch den Websitebetreiber Herder-Grundschule, Gretelweg 15, 44339 Dortmund, vertreten durch die Schulleiterin Frau Eva Blumberg, informieren.<\/p>\n\n\n\n<h4>Kontaktdaten der zust\u00e4ndigen Datenschutzbeauftragten<\/h4>\n\n\n\n<p>Herr Markus Droste und Herr Stefan M\u00fcller sind als Datenschutzbeauftragte f\u00fcr Schulen in Dortmund benannt (vgl. Art. 37 Abs. 7 DSGVO). Sie sind unter folgender Mailadresse erreichbar: <br>datenschutz-do@bdsb.nrw.schul<\/p>\n\n\n\n<h4>Kommentare<\/h4>\n\n\n\n<p>Wenn Besucherinnen und Besucher Kommentare auf der Website hinterlassen, werden sowohl die Daten, die im Kommentar-Formular angezeigt werden, gesammelt als auch die jeweilige IP-Adresse der Besucherin\/des Besuchers sowie der dazugeh\u00f6rige User-Agent-String (identifiziert den Browser), um die Erkennung von Spam zu unterst\u00fctzen. <\/p>\n\n\n\n<p>Aus jeder E-Mail-Adresse wird eine anonymisierte Zeichenfolge erstellt (auch Hash genannt) und dem Gravatar-Dienst \u00fcbergeben, um zu pr\u00fcfen, ob dieser benutzt wird. Die Datenschutzerkl\u00e4rung des Gravatar-Dienstes kann hier nachgelesen werden:<br>https:\/\/automattic.com\/privacy\/<br>Nachdem ein Kommentar freigegeben wurde, ist das Profilbild der entsprechenden Besucherin\/des entsprechenden Besuchers \u00f6ffentlich im Kontext des Kommentars sichtbar.<\/p>\n\n\n\n<h4>Medien<\/h4>\n\n\n\n<p>Als registrierte Benutzerin\/registrierter Benutzer, die\/der Fotos auf diese Website l\u00e4dt, sollte vermieden werden, Fotos mit einem EXIF-GPS-Standort hochzuladen. Besucherinnen und Besucher dieser Website k\u00f6nnten Fotos, die auf dieser Website gespeichert sind, herunterladen und deren Standort-Informationen extrahieren.<\/p>\n\n\n\n<h4>Cookies<\/h4>\n\n\n\n<p>Wer einen Kommentar auf die Website schreibt, willigt ein, den eigenen Namen, die E-Mail-Adresse und die Website in Cookies zu speichern. Dies ist eine Komfortfunktion, damit bei der Formulierung weiterer Kommentare nicht all diese Daten erneut eingegeben werden m\u00fcssen. Diese Cookies werden ein Jahr lang gespeichert.<\/p>\n\n\n\n<p>Falls eine Besucherin\/ein Besucher ein Konto hat und sich auf dieser Website anmeldet, wird ein tempor\u00e4res Cookie gesetzt, um festzustellen, ob der Browser Cookies akzeptiert. Dieses Cookie enth\u00e4lt keine personenbezogenen Daten und wird verworfen, wenn der Browser geschlossen wird.<\/p>\n\n\n\n<p>Bei der Anmeldung werden einige Cookies eingerichtet, um die Anmeldeinformationen und Anzeigeoptionen zu speichern. Anmelde-Cookies verfallen nach zwei Tagen und Cookies f\u00fcr die Anzeigeoptionen nach einem Jahr. Falls bei der Anmeldung \u201eAngemeldet bleiben\u201c ausgew\u00e4hlt wird, bleibt die Anmeldung zwei Wochen lang aufrecht erhalten. Mit der Abmeldung aus dem Konto werden die Anmelde-Cookies gel\u00f6scht.<\/p>\n\n\n\n<p>Wird ein Artikel bearbeitet oder ver\u00f6ffentlicht, wird ein zus\u00e4tzlicher Cookie in dem Browser gespeichert. Dieser Cookie enth\u00e4lt keine personenbezogenen Daten und verweist nur auf die Beitrags-ID des Artikels, der gerade bearbeitet wurde. Der Cookie verf\u00e4llt nach einem Tag.<\/p>\n\n\n\n<h4>Eingebettete Inhalte von anderen Websites<\/h4>\n\n\n\n<p>Beitr\u00e4ge auf dieser Website k\u00f6nnen eingebettete Inhalte beinhalten (z.B. Videos, Bilder, Beitr\u00e4ge etc.). Eingebettete Inhalte von anderen Websites verhalten sich exakt so, als ob die Besucherin\/der Besucher die andere Website besucht h\u00e4tte.<\/p>\n\n\n\n<p>Diese Websites k\u00f6nnen Daten \u00fcber die Besucherin\/den Besucher sammeln, Cookies benutzen, zus\u00e4tzliche Tracking-Dienste von Dritten einbetten und Interaktionen mit dem eingebetteten Inhalt aufzeichnen, inklusive der eigenen Interaktion mit dem eingebetteten Inhalt, falls ein Konto existiert und eine Anmeldung auf der Website erfolgt ist.<\/p>\n\n\n\n<h4>Mit wem die Daten geteilt werden<\/h4>\n\n\n\n<p>Wer eine Zur\u00fccksetzung des Passworts beantragt, erh\u00e4lt eine E-Mail mit der eigenen IP-Adresse zur Zur\u00fccksetzung.<\/p>\n\n\n\n<h4>Wie lange die Daten gespeichert werden<\/h4>\n\n\n\n<p>Geschriebene Kommentare werden inklusive der Metadaten zeitlich unbegrenzt gespeichert. Auf diese Art k\u00f6nnen Folgekommentare automatisch erkannt und freigegeben werden, anstatt sie in einer Moderations-Warteschlange festzuhalten.<\/p>\n\n\n\n<p>F\u00fcr Benutzerinnen und Benutzer, die sich auf unserer Website registrieren, werden zus\u00e4tzlich die pers\u00f6nlichen Informationen, die sie in ihren Benutzerinnenprofilen\/Benutzerprofilen angeben, gespeichert. Sie k\u00f6nnen jederzeit die pers\u00f6nlichen Informationen einsehen, ver\u00e4ndern oder l\u00f6schen (der Name kann nicht ver\u00e4ndert werden). Administratorinnen und Administratoren der Website k\u00f6nnen diese Informationen ebenfalls einsehen und ver\u00e4ndern.<\/p>\n\n\n\n<h4>Welche Rechte an eigenen Daten bestehen<\/h4>\n\n\n\n<p>Wer ein Konto auf dieser Website besitzt oder Kommentare geschrieben hat, kann einen Export der personenbezogenen Daten anfordern, inklusive aller Daten, die geteilt wurden. Dar\u00fcber hinaus kann die L\u00f6schung aller personenbezogenen Daten, die gespeichert wurden, beantragt werden. Dies umfasst nicht die Daten, die aufgrund administrativer, rechtlicher oder sicherheitsrelevanter Notwendigkeiten aufbewahrt werden m\u00fcssen.<\/p>\n\n\n\n<h4>Wohin die Daten gesendet werden<\/h4>\n\n\n\n<p>Besucherinnen-\/Besucher-Kommentare k\u00f6nnten von einem automatisierten Dienst zur Spam-Erkennung untersucht werden.<\/p>\n","protected":false},"excerpt":{"rendered":"<p>Die Adresse der Website lautet:https:\/\/herder-grundschule.de Geltungsbereich Diese Datenschutzerkl\u00e4rung soll die Nutzerinnen und Nutzer dieser Website gem\u00e4\u00df Bundesdatenschutzgesetz und Telemediengesetz \u00fcber die Art, den Umfang und den Zweck der Erhebung und [&hellip;]<\/p>\n","protected":false},"author":1,"featured_media":0,"parent":0,"menu_order":0,"comment_status":"closed","ping_status":"closed","template":"","meta":{"_EventAllDay":false,"_EventTimezone":"","_EventStartDate":"","_EventEndDate":"","_EventStartDateUTC":"","_EventEndDateUTC":"","_EventShowMap":false,"_EventShowMapLink":false,"_EventURL":"","_EventCost":"","_EventCostDescription":"","_EventCurrencySymbol":"","_EventCurrencyCode":"","_EventCurrencyPosition":"","_EventDateTimeSeparator":"","_EventTimeRangeSeparator":"","_EventOrganizerID":[],"_EventVenueID":0,"_OrganizerEmail":"","_OrganizerPhone":"","_OrganizerWebsite":"","_VenueAddress":"","_VenueCity":"","_VenueCountry":"","_VenueProvince":"","_VenueZip":"","_VenuePhone":"","_VenueURL":"","_VenueStateProvince":"","_VenueLat":"","_VenueLng":""},"_links":{"self":[{"href":"https:\/\/herder-grundschule.de\/index.php\/wp-json\/wp\/v2\/pages\/134"}],"collection":[{"href":"https:\/\/herder-grundschule.de\/index.php\/wp-json\/wp\/v2\/pages"}],"about":[{"href":"https:\/\/herder-grundschule.de\/index.php\/wp-json\/wp\/v2\/types\/page"}],"author":[{"embeddable":true,"href":"https:\/\/herder-grundschule.de\/index.php\/wp-json\/wp\/v2\/users\/1"}],"replies":[{"embeddable":true,"href":"https:\/\/herder-grundschule.de\/index.php\/wp-json\/wp\/v2\/comments?post=134"}],"version-history":[{"count":4,"href":"https:\/\/herder-grundschule.de\/index.php\/wp-json\/wp\/v2\/pages\/134\/revisions"}],"predecessor-version":[{"id":303,"href":"https:\/\/herder-grundschule.de\/index.php\/wp-json\/wp\/v2\/pages\/134\/revisions\/303"}],"wp:attachment":[{"href":"https:\/\/herder-grundschule.de\/index.php\/wp-json\/wp\/v2\/media?parent=134"}],"curies":[{"name":"wp","href":"https:\/\/api.w.org\/{rel}","templated":true}]}}