{"id":356,"date":"2023-08-24T19:40:32","date_gmt":"2023-08-24T17:40:32","guid":{"rendered":"https:\/\/herder-grundschule.de\/?page_id=356"},"modified":"2024-10-08T21:30:35","modified_gmt":"2024-10-08T19:30:35","slug":"foerderverein-neu","status":"publish","type":"page","link":"https:\/\/herder-grundschule.de\/index.php\/das-herder-team-neu\/foerderverein-neu\/","title":{"rendered":"F\u00f6rderverein"},"content":{"rendered":"\n<p>Der <strong>F\u00f6rderverein<\/strong> der Herder-Grundschule e.V. wurde im Jahr 2013 von Eltern und Lehrerinnen und Lehrern gegr\u00fcndet.<br>Sein Ziel ist es, der Schule zus\u00e4tzliche finanzielle M\u00f6glichkeiten f\u00fcr alle Sch\u00fclerinnen und Sch\u00fcler zu bieten.<br>Die daf\u00fcr notwendigen Geldmittel werden aus Mitgliedsbeitr\u00e4gen, Spenden und Veranstaltungen wie zum Beispiel Sponsorenl\u00e4ufen gewonnen.<\/p>\n\n\n\n<p><strong>Ziele<\/strong> des F\u00f6rdervereins:<\/p>\n\n\n\n<ul>\n<li>Anschaffung von besonderen Materialien f\u00fcr Kinder und Schule wie Sportger\u00e4te oder Musikinstrumente<\/li>\n\n\n\n<li>Unterst\u00fctzung von schulischen Projekten und Unternehmungen<\/li>\n\n\n\n<li>Finanzielle Unterst\u00fctzung der p\u00e4dagogischen Arbeit<\/li>\n\n\n\n<li>Unterst\u00fctzung bei der Ausgestaltung der Schule<\/li>\n<\/ul>\n\n\n\n<p><strong>Werden auch Sie Mitglied!<\/strong><\/p>\n\n\n\n<p>Wir freuen uns auf Menschen, die aktive Mitglieder werden, um unsere Arbeit f\u00fcr die Kinder zu unterst\u00fctzen.<br>Wir freuen uns auf Menschen, die mithelfen und anpacken.<\/p>\n\n\n\n<p>Sie k\u00f6nnen zahlendes Mitglied werden, uns durch Sachspenden oder eine einmalige Geldspende unterst\u00fctzen oder mit Rat und Tat helfen.<\/p>\n\n\n\n<p><strong><em>Wir freuen uns \u00fcber jede Hilfe und Unterst\u00fctzung f\u00fcr die Kinder!<\/em><\/strong><\/p>\n\n\n\n<p class=\"has-background\" style=\"background-color:#0792e36e\"><strong>Vorsitzende:<\/strong> N. Varoglu und A. Djekic<\/p>\n","protected":false},"excerpt":{"rendered":"<p>Der F\u00f6rderverein der Herder-Grundschule e.V. wurde im Jahr 2013 von Eltern und Lehrerinnen und Lehrern gegr\u00fcndet.Sein Ziel ist es, der Schule zus\u00e4tzliche finanzielle M\u00f6glichkeiten f\u00fcr alle Sch\u00fclerinnen und Sch\u00fcler zu [&hellip;]<\/p>\n","protected":false},"author":1,"featured_media":0,"parent":349,"menu_order":0,"comment_status":"closed","ping_status":"closed","template":"","meta":{"_EventAllDay":false,"_EventTimezone":"","_EventStartDate":"","_EventEndDate":"","_EventStartDateUTC":"","_EventEndDateUTC":"","_EventShowMap":false,"_EventShowMapLink":false,"_EventURL":"","_EventCost":"","_EventCostDescription":"","_EventCurrencySymbol":"","_EventCurrencyCode":"","_EventCurrencyPosition":"","_EventDateTimeSeparator":"","_EventTimeRangeSeparator":"","_EventOrganizerID":[],"_EventVenueID":0,"_OrganizerEmail":"","_OrganizerPhone":"","_OrganizerWebsite":"","_VenueAddress":"","_VenueCity":"","_VenueCountry":"","_VenueProvince":"","_VenueZip":"","_VenuePhone":"","_VenueURL":"","_VenueStateProvince":"","_VenueLat":"","_VenueLng":""},"_links":{"self":[{"href":"https:\/\/herder-grundschule.de\/index.php\/wp-json\/wp\/v2\/pages\/356"}],"collection":[{"href":"https:\/\/herder-grundschule.de\/index.php\/wp-json\/wp\/v2\/pages"}],"about":[{"href":"https:\/\/herder-grundschule.de\/index.php\/wp-json\/wp\/v2\/types\/page"}],"author":[{"embeddable":true,"href":"https:\/\/herder-grundschule.de\/index.php\/wp-json\/wp\/v2\/users\/1"}],"replies":[{"embeddable":true,"href":"https:\/\/herder-grundschule.de\/index.php\/wp-json\/wp\/v2\/comments?post=356"}],"version-history":[{"count":4,"href":"https:\/\/herder-grundschule.de\/index.php\/wp-json\/wp\/v2\/pages\/356\/revisions"}],"predecessor-version":[{"id":737,"href":"https:\/\/herder-grundschule.de\/index.php\/wp-json\/wp\/v2\/pages\/356\/revisions\/737"}],"up":[{"embeddable":true,"href":"https:\/\/herder-grundschule.de\/index.php\/wp-json\/wp\/v2\/pages\/349"}],"wp:attachment":[{"href":"https:\/\/herder-grundschule.de\/index.php\/wp-json\/wp\/v2\/media?parent=356"}],"curies":[{"name":"wp","href":"https:\/\/api.w.org\/{rel}","templated":true}]}}