{"id":359,"date":"2023-08-24T19:41:55","date_gmt":"2023-08-24T17:41:55","guid":{"rendered":"https:\/\/herder-grundschule.de\/?page_id=359"},"modified":"2025-08-25T21:18:28","modified_gmt":"2025-08-25T19:18:28","slug":"offener-ganztag-ogs-neu","status":"publish","type":"page","link":"https:\/\/herder-grundschule.de\/index.php\/das-herder-team-neu\/offener-ganztag-ogs-neu\/","title":{"rendered":"Offener Ganztag (OGS)"},"content":{"rendered":"\n<p>In der Herder-OGS haben wir es uns als Ziel gesetzt, den Kindern Strukturen zu geben und Lebenspraxis beizubringen, die famili\u00e4r in vielen F\u00e4llen oft nicht vorgegeben sind.&nbsp;Ein geregelter Tagesablauf bietet den Kindern Sicherheit, sich in diesem Rahmen selbstst\u00e4ndig bewegen zu k\u00f6nnen. Trotzdem gibt es Regeln und Grenzen in unserer Einrichtung, die f\u00fcr alle Beteiligten gelten, denn nur so kann eine so gro\u00dfe Gemeinschaft funktionieren und ein respektvolles, gewaltfreies und gleichberechtigtes Miteinander gelernt werden.&nbsp;<\/p>\n\n\n\n<p>Die Betreuungszeit der OGS beginnt um <strong>7.00 Uhr in der OGS<\/strong>. Bis mindestens 11.30 Uhr haben die Kinder Unterricht, so dass sie anschlie\u00dfend zur Ganztagsbetreuung gehen, wo sie gemeinsam essen, ihre Hausaufgaben bearbeiten, spielen oder AGs besuchen k\u00f6nnen. <strong>Bis 17 Uhr<\/strong> k\u00f6nnen die Kinder verl\u00e4sslich betreut werden.<\/p>\n\n\n\n<figure class=\"wp-block-image size-large\"><img decoding=\"async\" loading=\"lazy\" width=\"2560\" height=\"1920\" src=\"https:\/\/herder-grundschule.de\/wp-content\/uploads\/2025\/08\/IMG_6534-2-edited-scaled.jpg\" alt=\"\" class=\"wp-image-968\" srcset=\"https:\/\/herder-grundschule.de\/wp-content\/uploads\/2025\/08\/IMG_6534-2-edited-scaled.jpg 2560w, https:\/\/herder-grundschule.de\/wp-content\/uploads\/2025\/08\/IMG_6534-2-edited-300x225.jpg 300w, https:\/\/herder-grundschule.de\/wp-content\/uploads\/2025\/08\/IMG_6534-2-edited-1024x768.jpg 1024w, https:\/\/herder-grundschule.de\/wp-content\/uploads\/2025\/08\/IMG_6534-2-edited-768x576.jpg 768w, https:\/\/herder-grundschule.de\/wp-content\/uploads\/2025\/08\/IMG_6534-2-edited-1536x1152.jpg 1536w, https:\/\/herder-grundschule.de\/wp-content\/uploads\/2025\/08\/IMG_6534-2-edited-2048x1536.jpg 2048w\" sizes=\"(max-width: 2560px) 100vw, 2560px\" \/><\/figure>\n\n\n\n<p>Der Ganztag wird von Frau Wester und Herrn Dreier geleitet. Erg\u00e4nzt wird das Team durch von Frau Domes, Herrn Hillmer, Frau Jungholt, Frau Ocakdan, Frau Reis, Herrn Roloff und Frau Sabanci sowie gelegentlich durch ehrenamtlich t\u00e4tige Personen wie Praktikantinnen und Praktikanten (Herr Preuten &#8211; FSJ&#8217;ler) und Studentinnen und Studenten.<\/p>\n\n\n\n<p><strong>R\u00e4umlichkeiten<\/strong><br>Die OGS verf\u00fcgt insgesamt \u00fcber vier Gruppenr\u00e4ume, einen Materialraum, einen Speisesaal, einen Hausaufgabenraum sowie weitere R\u00e4ume der OGS-Leitung und des p\u00e4dagogischen Personals. Dar\u00fcber hinaus k\u00f6nnen die Gemeindehausbibliothek, die Turnhalle, der Schulhof und einzelne Klassenr\u00e4ume der Schule mit genutzt werden.<\/p>\n\n\n\n<p><strong>Angebote<\/strong><br>Den Kindern werden vielf\u00e4ltige M\u00f6glichkeiten geboten, ihre freie Zeit zu selbst gestalten, ihren Interesse nachzugehen und neue St\u00e4rken zu entwickeln. Es gibt diverse Angebote zu Sport und Bewegung, Lesen und Entspannung, Kreativit\u00e4t, Nachhaltigkeit (Schulgarten) und Sozialem Lernen (Streitschlichterinnen und Streitschlichter). <\/p>\n\n\n\n<p><strong>Hausaufgabenbetreuung und zus\u00e4tzliche F\u00f6rderung<\/strong><br>Die Hausaufgabenbetreuung findet jeden Tag ab 11.30 Uhr in mehreren Gruppen in dem daf\u00fcr vorgesehenen Raum statt. Verf\u00fcgbare Lehrerinnen- und Lehrerstunden werden zur individuellen F\u00f6rderung und Unterst\u00fctzung bei der Erledigung der Aufgaben genutzt.<\/p>\n\n\n\n<p><strong>Mittagsverpflegung<\/strong><br>T\u00e4glich erhalten die Kinder ein warmes, gesundes Mittagessen im gro\u00dfen Speisesaal von Frau Herrmann, Frau John und Frau Tabatabei.<\/p>\n\n\n\n<p><\/p>\n\n\n\n<p class=\"has-background\" style=\"background-color:#ff6a006b\">Uns erreichen Sie auf folgenden Wegen:<br><br><strong>Telefon:<\/strong><br>0231 5020850<br><br><strong>E-Mail: <\/strong><br>kathrin.wester@herder-grundschule-edu.de<br>karsten.dreier@herder-grundschule-edu.de<br>ogs_mitarbeiter@herder-grundschule-edu.de<\/p>\n","protected":false},"excerpt":{"rendered":"<p>In der Herder-OGS haben wir es uns als Ziel gesetzt, den Kindern Strukturen zu geben und Lebenspraxis beizubringen, die famili\u00e4r in vielen F\u00e4llen oft nicht vorgegeben sind.&nbsp;Ein geregelter Tagesablauf bietet [&hellip;]<\/p>\n","protected":false},"author":1,"featured_media":0,"parent":349,"menu_order":0,"comment_status":"closed","ping_status":"closed","template":"","meta":{"_EventAllDay":false,"_EventTimezone":"","_EventStartDate":"","_EventEndDate":"","_EventStartDateUTC":"","_EventEndDateUTC":"","_EventShowMap":false,"_EventShowMapLink":false,"_EventURL":"","_EventCost":"","_EventCostDescription":"","_EventCurrencySymbol":"","_EventCurrencyCode":"","_EventCurrencyPosition":"","_EventDateTimeSeparator":"","_EventTimeRangeSeparator":"","_EventOrganizerID":[],"_EventVenueID":0,"_OrganizerEmail":"","_OrganizerPhone":"","_OrganizerWebsite":"","_VenueAddress":"","_VenueCity":"","_VenueCountry":"","_VenueProvince":"","_VenueZip":"","_VenuePhone":"","_VenueURL":"","_VenueStateProvince":"","_VenueLat":"","_VenueLng":""},"_links":{"self":[{"href":"https:\/\/herder-grundschule.de\/index.php\/wp-json\/wp\/v2\/pages\/359"}],"collection":[{"href":"https:\/\/herder-grundschule.de\/index.php\/wp-json\/wp\/v2\/pages"}],"about":[{"href":"https:\/\/herder-grundschule.de\/index.php\/wp-json\/wp\/v2\/types\/page"}],"author":[{"embeddable":true,"href":"https:\/\/herder-grundschule.de\/index.php\/wp-json\/wp\/v2\/users\/1"}],"replies":[{"embeddable":true,"href":"https:\/\/herder-grundschule.de\/index.php\/wp-json\/wp\/v2\/comments?post=359"}],"version-history":[{"count":11,"href":"https:\/\/herder-grundschule.de\/index.php\/wp-json\/wp\/v2\/pages\/359\/revisions"}],"predecessor-version":[{"id":970,"href":"https:\/\/herder-grundschule.de\/index.php\/wp-json\/wp\/v2\/pages\/359\/revisions\/970"}],"up":[{"embeddable":true,"href":"https:\/\/herder-grundschule.de\/index.php\/wp-json\/wp\/v2\/pages\/349"}],"wp:attachment":[{"href":"https:\/\/herder-grundschule.de\/index.php\/wp-json\/wp\/v2\/media?parent=359"}],"curies":[{"name":"wp","href":"https:\/\/api.w.org\/{rel}","templated":true}]}}