{"id":373,"date":"2023-08-24T20:08:07","date_gmt":"2023-08-24T18:08:07","guid":{"rendered":"https:\/\/herder-grundschule.de\/?page_id=373"},"modified":"2025-08-21T14:35:31","modified_gmt":"2025-08-21T12:35:31","slug":"klassen-neu","status":"publish","type":"page","link":"https:\/\/herder-grundschule.de\/index.php\/das-herder-team-neu\/klassen-neu\/","title":{"rendered":"Klassen"},"content":{"rendered":"\n<h4>Im Schuljahr 2025\/2026 lernen \u00fcber 300 Kinder in&nbsp;12 Klassen zusammen mit Ihren Klassenlehrerinnen&nbsp;und Klassenlehrern sowie den Maskottchen bzw.&nbsp;Klassentieren im Geb\u00e4ude der Herder-Grundschule.<\/h4>\n\n\n\n<h3 class=\"has-background\" style=\"background-color:#f8fc008f\"><strong>Jahrgang 1<\/strong><\/h3>\n\n\n\n<div class=\"is-layout-flex wp-container-3 wp-block-columns\">\n<div class=\"is-layout-flow wp-block-column\">\n<figure class=\"wp-block-image size-large is-resized\"><img decoding=\"async\" loading=\"lazy\" src=\"https:\/\/herder-grundschule.de\/wp-content\/uploads\/2025\/08\/PHOTO-2025-06-10-21-33-02-Kopie-1-1024x1024.jpg\" alt=\"\" class=\"wp-image-922\" width=\"250\" height=\"250\" srcset=\"https:\/\/herder-grundschule.de\/wp-content\/uploads\/2025\/08\/PHOTO-2025-06-10-21-33-02-Kopie-1-1024x1024.jpg 1024w, https:\/\/herder-grundschule.de\/wp-content\/uploads\/2025\/08\/PHOTO-2025-06-10-21-33-02-Kopie-1-300x300.jpg 300w, https:\/\/herder-grundschule.de\/wp-content\/uploads\/2025\/08\/PHOTO-2025-06-10-21-33-02-Kopie-1-150x150.jpg 150w, https:\/\/herder-grundschule.de\/wp-content\/uploads\/2025\/08\/PHOTO-2025-06-10-21-33-02-Kopie-1-768x768.jpg 768w, https:\/\/herder-grundschule.de\/wp-content\/uploads\/2025\/08\/PHOTO-2025-06-10-21-33-02-Kopie-1.jpg 1080w\" sizes=\"(max-width: 250px) 100vw, 250px\" \/><figcaption class=\"wp-element-caption\"><strong>Klasse 1a: <\/strong><br>Frau von Rosenberg<\/figcaption><\/figure>\n<\/div>\n\n\n\n<div class=\"is-layout-flow wp-block-column\">\n<figure class=\"wp-block-image size-full\"><img decoding=\"async\" loading=\"lazy\" width=\"977\" height=\"772\" src=\"https:\/\/herder-grundschule.de\/wp-content\/uploads\/2025\/08\/Bildschirmfoto-2025-08-10-um-23.36.52.png\" alt=\"\" class=\"wp-image-920\" srcset=\"https:\/\/herder-grundschule.de\/wp-content\/uploads\/2025\/08\/Bildschirmfoto-2025-08-10-um-23.36.52.png 977w, https:\/\/herder-grundschule.de\/wp-content\/uploads\/2025\/08\/Bildschirmfoto-2025-08-10-um-23.36.52-300x237.png 300w, https:\/\/herder-grundschule.de\/wp-content\/uploads\/2025\/08\/Bildschirmfoto-2025-08-10-um-23.36.52-768x607.png 768w\" sizes=\"(max-width: 977px) 100vw, 977px\" \/><figcaption class=\"wp-element-caption\">Emil und Emilia<\/figcaption><\/figure>\n<\/div>\n<\/div>\n\n\n\n<div style=\"height:35px\" aria-hidden=\"true\" class=\"wp-block-spacer\"><\/div>\n\n\n\n<div class=\"is-layout-flex wp-container-6 wp-block-columns\">\n<div class=\"is-layout-flow wp-block-column\">\n<figure class=\"wp-block-image size-full is-resized\"><img decoding=\"async\" loading=\"lazy\" src=\"https:\/\/herder-grundschule.de\/wp-content\/uploads\/2025\/08\/Passfoto-4x6cm-Kopie.jpg\" alt=\"\" class=\"wp-image-921\" width=\"200\" height=\"305\"\/><figcaption class=\"wp-element-caption\"><strong>Klasse 1b:<\/strong> <br>Frau Bielitz<\/figcaption><\/figure>\n<\/div>\n\n\n\n<div class=\"is-layout-flow wp-block-column\">\n<figure class=\"wp-block-image size-large is-resized\"><img decoding=\"async\" loading=\"lazy\" src=\"https:\/\/herder-grundschule.de\/wp-content\/uploads\/2025\/08\/Bildschirmfoto-2025-08-10-um-23.37.13-Kopie-800x1024.png\" alt=\"\" class=\"wp-image-923\" width=\"226\" height=\"305\"\/><figcaption class=\"wp-element-caption\">Ole und Oki<\/figcaption><\/figure>\n<\/div>\n<\/div>\n\n\n\n<div style=\"height:35px\" aria-hidden=\"true\" class=\"wp-block-spacer\"><\/div>\n\n\n\n<div class=\"is-layout-flex wp-container-9 wp-block-columns\">\n<div class=\"is-layout-flow wp-block-column\">\n<figure class=\"wp-block-image size-large is-resized\"><img decoding=\"async\" loading=\"lazy\" src=\"https:\/\/herder-grundschule.de\/wp-content\/uploads\/2025\/08\/PHOTO-2025-06-09-22-41-31-Kopie-665x1024.jpg\" alt=\"\" class=\"wp-image-924\" width=\"200\" height=\"300\"\/><figcaption class=\"wp-element-caption\"><strong>Klasse 1c: <\/strong><br>Frau Nu\u00dfbaum<\/figcaption><\/figure>\n<\/div>\n\n\n\n<div class=\"is-layout-flow wp-block-column\">\n<figure class=\"wp-block-image size-large is-resized\"><img decoding=\"async\" loading=\"lazy\" src=\"https:\/\/herder-grundschule.de\/wp-content\/uploads\/2025\/08\/Bildschirmfoto-2025-08-10-um-23.37.02-Kopie-927x1024.png\" alt=\"\" class=\"wp-image-925\" width=\"273\" height=\"300\"\/><figcaption class=\"wp-element-caption\">Mio und Jara<\/figcaption><\/figure>\n<\/div>\n<\/div>\n\n\n\n<div style=\"height:35px\" aria-hidden=\"true\" class=\"wp-block-spacer\"><\/div>\n\n\n\n<h3 class=\"has-background\" style=\"background-color:#f8fc008f\"><strong>Jahrgang 2<\/strong><\/h3>\n\n\n\n<div class=\"is-layout-flex wp-container-12 wp-block-columns\">\n<div class=\"is-layout-flow wp-block-column\">\n<figure class=\"wp-block-image size-large is-resized\"><img decoding=\"async\" loading=\"lazy\" src=\"https:\/\/herder-grundschule.de\/wp-content\/uploads\/2025\/08\/IMG_8092-961x1024.jpeg\" alt=\"\" class=\"wp-image-936\" width=\"240\" height=\"254\"\/><figcaption class=\"wp-element-caption\"><strong>Klasse 2a:<\/strong> <br>Frau Gerl<\/figcaption><\/figure>\n<\/div>\n\n\n\n<div class=\"is-layout-flow wp-block-column\">\n<figure class=\"wp-block-image size-large is-resized\"><img decoding=\"async\" loading=\"lazy\" src=\"https:\/\/herder-grundschule.de\/wp-content\/uploads\/2025\/08\/IMG_8126-768x1024.jpeg\" alt=\"\" class=\"wp-image-938\" width=\"191\" height=\"254\" srcset=\"https:\/\/herder-grundschule.de\/wp-content\/uploads\/2025\/08\/IMG_8126-768x1024.jpeg 768w, https:\/\/herder-grundschule.de\/wp-content\/uploads\/2025\/08\/IMG_8126-225x300.jpeg 225w, https:\/\/herder-grundschule.de\/wp-content\/uploads\/2025\/08\/IMG_8126-1152x1536.jpeg 1152w, https:\/\/herder-grundschule.de\/wp-content\/uploads\/2025\/08\/IMG_8126-1536x2048.jpeg 1536w, https:\/\/herder-grundschule.de\/wp-content\/uploads\/2025\/08\/IMG_8126-scaled.jpeg 1920w\" sizes=\"(max-width: 191px) 100vw, 191px\" \/><figcaption class=\"wp-element-caption\">Nani<\/figcaption><\/figure>\n<\/div>\n<\/div>\n\n\n\n<div style=\"height:35px\" aria-hidden=\"true\" class=\"wp-block-spacer\"><\/div>\n\n\n\n<div class=\"has-global-padding is-layout-constrained wp-block-group\">\n<div class=\"is-layout-flex wp-container-15 wp-block-columns\">\n<div class=\"is-layout-flow wp-block-column\">\n<figure class=\"wp-block-image size-full is-resized\"><img decoding=\"async\" loading=\"lazy\" src=\"https:\/\/herder-grundschule.de\/wp-content\/uploads\/2023\/06\/Zeljka.png\" alt=\"\" class=\"wp-image-181\" width=\"200\" height=\"291\"\/><figcaption class=\"wp-element-caption\"><strong>Klasse 2b<\/strong>: <br>Frau Levers<\/figcaption><\/figure>\n<\/div>\n\n\n\n<div class=\"is-layout-flow wp-block-column\">\n<figure class=\"wp-block-image size-large is-resized\"><img decoding=\"async\" loading=\"lazy\" src=\"https:\/\/herder-grundschule.de\/wp-content\/uploads\/2025\/02\/IMG_4309-932x1024.jpeg\" alt=\"\" class=\"wp-image-798\" width=\"263\" height=\"282\"\/><figcaption class=\"wp-element-caption\">Hermine<\/figcaption><\/figure>\n<\/div>\n<\/div>\n<\/div>\n\n\n\n<div style=\"height:35px\" aria-hidden=\"true\" class=\"wp-block-spacer\"><\/div>\n\n\n\n<div class=\"has-global-padding is-layout-constrained wp-block-group\">\n<div class=\"is-layout-flex wp-container-19 wp-block-columns\">\n<div class=\"is-layout-flow wp-block-column\">\n<figure class=\"wp-block-image size-large is-resized\"><img decoding=\"async\" loading=\"lazy\" src=\"https:\/\/herder-grundschule.de\/wp-content\/uploads\/2025\/02\/IMG_3842-1-771x1024.jpeg\" alt=\"\" class=\"wp-image-843\" width=\"200\" height=\"264\"\/><figcaption class=\"wp-element-caption\"><strong>Klasse 2c:<\/strong><br>Frau Akkus<\/figcaption><\/figure>\n<\/div>\n\n\n\n<div class=\"is-layout-flow wp-block-column is-vertically-aligned-center\">\n<figure class=\"wp-block-image size-large is-resized\"><img decoding=\"async\" loading=\"lazy\" src=\"https:\/\/herder-grundschule.de\/wp-content\/uploads\/2025\/02\/Flauschi-1-1024x470.jpeg\" alt=\"\" class=\"wp-image-842\" width=\"313\" height=\"143\" srcset=\"https:\/\/herder-grundschule.de\/wp-content\/uploads\/2025\/02\/Flauschi-1-1024x470.jpeg 1024w, https:\/\/herder-grundschule.de\/wp-content\/uploads\/2025\/02\/Flauschi-1-300x138.jpeg 300w, https:\/\/herder-grundschule.de\/wp-content\/uploads\/2025\/02\/Flauschi-1-768x352.jpeg 768w, https:\/\/herder-grundschule.de\/wp-content\/uploads\/2025\/02\/Flauschi-1-1536x705.jpeg 1536w, https:\/\/herder-grundschule.de\/wp-content\/uploads\/2025\/02\/Flauschi-1-2048x940.jpeg 2048w\" sizes=\"(max-width: 313px) 100vw, 313px\" \/><figcaption class=\"wp-element-caption\">Flauschi<\/figcaption><\/figure>\n<\/div>\n<\/div>\n<\/div>\n\n\n\n<div style=\"height:35px\" aria-hidden=\"true\" class=\"wp-block-spacer\"><\/div>\n\n\n\n<p class=\"has-background has-x-large-font-size\" style=\"background-color:#f8fc008f\"><strong>Jahrgang 3<\/strong><\/p>\n\n\n\n<div class=\"has-global-padding is-layout-constrained wp-block-group\">\n<div class=\"is-layout-flex wp-container-23 wp-block-columns\">\n<div class=\"is-layout-flow wp-block-column\">\n<figure class=\"wp-block-image size-large is-resized\"><img decoding=\"async\" loading=\"lazy\" src=\"https:\/\/herder-grundschule.de\/wp-content\/uploads\/2025\/08\/WhatsApp-Image-2025-08-19-at-20.24.12-686x1024.jpeg\" alt=\"\" class=\"wp-image-952\" width=\"202\" height=\"301\" srcset=\"https:\/\/herder-grundschule.de\/wp-content\/uploads\/2025\/08\/WhatsApp-Image-2025-08-19-at-20.24.12-686x1024.jpeg 686w, https:\/\/herder-grundschule.de\/wp-content\/uploads\/2025\/08\/WhatsApp-Image-2025-08-19-at-20.24.12-201x300.jpeg 201w, https:\/\/herder-grundschule.de\/wp-content\/uploads\/2025\/08\/WhatsApp-Image-2025-08-19-at-20.24.12-768x1146.jpeg 768w, https:\/\/herder-grundschule.de\/wp-content\/uploads\/2025\/08\/WhatsApp-Image-2025-08-19-at-20.24.12-1029x1536.jpeg 1029w, https:\/\/herder-grundschule.de\/wp-content\/uploads\/2025\/08\/WhatsApp-Image-2025-08-19-at-20.24.12.jpeg 1072w\" sizes=\"(max-width: 202px) 100vw, 202px\" \/><figcaption class=\"wp-element-caption\"><strong>Klasse 3a:<\/strong><br>Frau Lehr<\/figcaption><\/figure>\n<\/div>\n\n\n\n<div class=\"is-layout-flow wp-block-column\">\n<figure class=\"wp-block-image size-large is-resized\"><img decoding=\"async\" loading=\"lazy\" src=\"https:\/\/herder-grundschule.de\/wp-content\/uploads\/2025\/08\/WhatsApp-Image-2025-08-19-at-20.24.39-768x1024.jpeg\" alt=\"\" class=\"wp-image-954\" width=\"227\" height=\"302\" srcset=\"https:\/\/herder-grundschule.de\/wp-content\/uploads\/2025\/08\/WhatsApp-Image-2025-08-19-at-20.24.39-768x1024.jpeg 768w, https:\/\/herder-grundschule.de\/wp-content\/uploads\/2025\/08\/WhatsApp-Image-2025-08-19-at-20.24.39-225x300.jpeg 225w, https:\/\/herder-grundschule.de\/wp-content\/uploads\/2025\/08\/WhatsApp-Image-2025-08-19-at-20.24.39-1152x1536.jpeg 1152w, https:\/\/herder-grundschule.de\/wp-content\/uploads\/2025\/08\/WhatsApp-Image-2025-08-19-at-20.24.39.jpeg 1200w\" sizes=\"(max-width: 227px) 100vw, 227px\" \/><figcaption class=\"wp-element-caption\">Rupi und Rosi<\/figcaption><\/figure>\n<\/div>\n<\/div>\n<\/div>\n\n\n\n<div style=\"height:35px\" aria-hidden=\"true\" class=\"wp-block-spacer\"><\/div>\n\n\n\n<div class=\"has-global-padding is-layout-constrained wp-block-group\">\n<div class=\"is-layout-flex wp-container-27 wp-block-columns\">\n<div class=\"is-layout-flow wp-block-column\">\n<figure class=\"wp-block-image size-full is-resized\"><img decoding=\"async\" loading=\"lazy\" src=\"https:\/\/herder-grundschule.de\/wp-content\/uploads\/2023\/06\/Yasmin.png\" alt=\"\" class=\"wp-image-167\" width=\"200\" height=\"303\"\/><figcaption class=\"wp-element-caption\"><strong>Klasse 3b<\/strong>: <br>Frau Farhumand<\/figcaption><\/figure>\n<\/div>\n\n\n\n<div class=\"is-layout-flow wp-block-column\">\n<figure class=\"wp-block-image size-full is-resized\"><img decoding=\"async\" loading=\"lazy\" src=\"https:\/\/herder-grundschule.de\/wp-content\/uploads\/2023\/06\/Erdmaennchen.png\" alt=\"\" class=\"wp-image-169\" width=\"274\" height=\"303\"\/><figcaption class=\"wp-element-caption\">Nami und Toni<\/figcaption><\/figure>\n<\/div>\n<\/div>\n<\/div>\n\n\n\n<div style=\"height:35px\" aria-hidden=\"true\" class=\"wp-block-spacer\"><\/div>\n\n\n\n<div class=\"is-layout-flex wp-container-31 wp-block-columns\">\n<div class=\"is-layout-flow wp-block-column\" style=\"flex-basis:100%\">\n<figure class=\"wp-block-image size-large is-resized\"><img decoding=\"async\" loading=\"lazy\" src=\"https:\/\/herder-grundschule.de\/wp-content\/uploads\/2025\/02\/7A322692-B57A-4897-8677-B30352C8F22B-819x1024.jpeg\" alt=\"\" class=\"wp-image-828\" width=\"200\" height=\"245\"\/><figcaption class=\"wp-element-caption\"><strong>Klasse 3c:<\/strong><br>Frau Humpohl<\/figcaption><\/figure>\n<\/div>\n\n\n\n<div class=\"is-layout-flow wp-block-column\" style=\"flex-basis:100%\">\n<figure class=\"wp-block-image size-large is-resized\"><img decoding=\"async\" loading=\"lazy\" src=\"https:\/\/herder-grundschule.de\/wp-content\/uploads\/2025\/02\/Pippa-768x1024.jpeg\" alt=\"\" class=\"wp-image-846\" width=\"184\" height=\"245\" srcset=\"https:\/\/herder-grundschule.de\/wp-content\/uploads\/2025\/02\/Pippa-768x1024.jpeg 768w, https:\/\/herder-grundschule.de\/wp-content\/uploads\/2025\/02\/Pippa-225x300.jpeg 225w, https:\/\/herder-grundschule.de\/wp-content\/uploads\/2025\/02\/Pippa-1152x1536.jpeg 1152w, https:\/\/herder-grundschule.de\/wp-content\/uploads\/2025\/02\/Pippa-1536x2048.jpeg 1536w, https:\/\/herder-grundschule.de\/wp-content\/uploads\/2025\/02\/Pippa-scaled.jpeg 1920w\" sizes=\"(max-width: 184px) 100vw, 184px\" \/><figcaption class=\"wp-element-caption\">Pippa<\/figcaption><\/figure>\n<\/div>\n<\/div>\n\n\n\n<div style=\"height:35px\" aria-hidden=\"true\" class=\"wp-block-spacer\"><\/div>\n\n\n\n<p class=\"has-background has-x-large-font-size\" style=\"background-color:#f8fc008f\"><strong>Jahrgang 4<\/strong><\/p>\n\n\n\n<div class=\"has-global-padding is-layout-constrained wp-block-group\">\n<div class=\"is-layout-flex wp-container-34 wp-block-columns\">\n<div class=\"is-layout-flow wp-block-column\">\n<figure class=\"wp-block-image size-full is-resized\"><img decoding=\"async\" loading=\"lazy\" src=\"https:\/\/herder-grundschule.de\/wp-content\/uploads\/2023\/06\/Daniel.png\" alt=\"\" class=\"wp-image-168\" width=\"200\" height=\"297\"\/><figcaption class=\"wp-element-caption\"><strong>Klasse 4a<\/strong>: <br>Herr Terre<\/figcaption><\/figure>\n<\/div>\n\n\n\n<div class=\"is-layout-flow wp-block-column\">\n<figure class=\"wp-block-image size-full is-resized\"><img decoding=\"async\" loading=\"lazy\" src=\"https:\/\/herder-grundschule.de\/wp-content\/uploads\/2023\/06\/Pongo.png\" alt=\"\" class=\"wp-image-170\" width=\"279\" height=\"297\"\/><figcaption class=\"wp-element-caption\">Pongo<\/figcaption><\/figure>\n<\/div>\n<\/div>\n<\/div>\n\n\n\n<div style=\"height:35px\" aria-hidden=\"true\" class=\"wp-block-spacer\"><\/div>\n\n\n\n<div class=\"has-global-padding is-layout-constrained wp-block-group\">\n<div class=\"is-layout-flex wp-container-38 wp-block-columns\">\n<div class=\"is-layout-flow wp-block-column\">\n<figure class=\"wp-block-image size-full is-resized\"><img decoding=\"async\" loading=\"lazy\" src=\"https:\/\/herder-grundschule.de\/wp-content\/uploads\/2023\/06\/Julia.png\" alt=\"\" class=\"wp-image-172\" width=\"200\" height=\"301\"\/><figcaption class=\"wp-element-caption\"><strong>Klasse 4b<\/strong>: <br>Frau K\u00f6sters<\/figcaption><\/figure>\n<\/div>\n\n\n\n<div class=\"is-layout-flow wp-block-column\">\n<figure class=\"wp-block-image size-full is-resized\"><img decoding=\"async\" loading=\"lazy\" src=\"https:\/\/herder-grundschule.de\/wp-content\/uploads\/2023\/06\/Freddie.png\" alt=\"\" class=\"wp-image-174\" width=\"238\" height=\"301\"\/><figcaption class=\"wp-element-caption\">Freddie<\/figcaption><\/figure>\n<\/div>\n<\/div>\n<\/div>\n\n\n\n<div style=\"height:36px\" aria-hidden=\"true\" class=\"wp-block-spacer\"><\/div>\n\n\n\n<div class=\"is-layout-flex wp-container-42 wp-block-columns\">\n<div class=\"is-layout-flow wp-block-column\">\n<figure class=\"wp-block-image size-large is-resized\"><img decoding=\"async\" loading=\"lazy\" src=\"https:\/\/herder-grundschule.de\/wp-content\/uploads\/2024\/11\/IMG_0157-3-Kopie-1-822x1024.jpg\" alt=\"\" class=\"wp-image-767\" width=\"204\" height=\"253\" srcset=\"https:\/\/herder-grundschule.de\/wp-content\/uploads\/2024\/11\/IMG_0157-3-Kopie-1-822x1024.jpg 822w, https:\/\/herder-grundschule.de\/wp-content\/uploads\/2024\/11\/IMG_0157-3-Kopie-1-241x300.jpg 241w, https:\/\/herder-grundschule.de\/wp-content\/uploads\/2024\/11\/IMG_0157-3-Kopie-1-768x957.jpg 768w, https:\/\/herder-grundschule.de\/wp-content\/uploads\/2024\/11\/IMG_0157-3-Kopie-1-1232x1536.jpg 1232w, https:\/\/herder-grundschule.de\/wp-content\/uploads\/2024\/11\/IMG_0157-3-Kopie-1-1643x2048.jpg 1643w\" sizes=\"(max-width: 204px) 100vw, 204px\" \/><figcaption class=\"wp-element-caption\"><strong>Klasse 4c:<\/strong> <br>Herr Derstappen<\/figcaption><\/figure>\n<\/div>\n\n\n\n<div class=\"is-layout-flow wp-block-column\">\n<figure class=\"wp-block-image size-large is-resized\"><img decoding=\"async\" loading=\"lazy\" src=\"https:\/\/herder-grundschule.de\/wp-content\/uploads\/2025\/08\/IMG_8487-edited-scaled.jpg\" alt=\"\" class=\"wp-image-944\" width=\"192\" height=\"256\" srcset=\"https:\/\/herder-grundschule.de\/wp-content\/uploads\/2025\/08\/IMG_8487-edited-scaled.jpg 1920w, https:\/\/herder-grundschule.de\/wp-content\/uploads\/2025\/08\/IMG_8487-edited-225x300.jpg 225w, https:\/\/herder-grundschule.de\/wp-content\/uploads\/2025\/08\/IMG_8487-edited-768x1024.jpg 768w, https:\/\/herder-grundschule.de\/wp-content\/uploads\/2025\/08\/IMG_8487-edited-1152x1536.jpg 1152w, https:\/\/herder-grundschule.de\/wp-content\/uploads\/2025\/08\/IMG_8487-edited-1536x2048.jpg 1536w\" sizes=\"(max-width: 192px) 100vw, 192px\" \/><figcaption class=\"wp-element-caption\">Karla<\/figcaption><\/figure>\n<\/div>\n<\/div>\n\n\n\n<div style=\"height:35px\" aria-hidden=\"true\" class=\"wp-block-spacer\"><\/div>\n\n\n\n<h4>Unterst\u00fctzt wird das Klassenlehrerinnen- und Klassenlehrer-Team durch folgende Fachlehrkr\u00e4fte:<\/h4>\n\n\n\n<p>Frau Frittgen (Englisch)<br>Frau Hatcher (Englisch)<br>Herr Hirschberg (Sport)<br>Frau Petter (Religion)<br>Herr Rieck (Religion)<br>Frau Seifert (Englisch)<br><br>Herr \u00d6zdemir (T\u00fcrkisch)<br>Herr Alshami (Arabisch)<br><br>Frau Zacke (JeKits)<br><br>Frau B\u00f6hm (Lehramtsanw\u00e4rterin)<br>Frau Schumann (Lehramtsanw\u00e4rterin) <br><br><\/p>\n","protected":false},"excerpt":{"rendered":"<p>Im Schuljahr 2025\/2026 lernen \u00fcber 300 Kinder in&nbsp;12 Klassen zusammen mit Ihren Klassenlehrerinnen&nbsp;und Klassenlehrern sowie den Maskottchen bzw.&nbsp;Klassentieren im Geb\u00e4ude der Herder-Grundschule. Jahrgang 1 Jahrgang 2 Jahrgang 3 Jahrgang 4 [&hellip;]<\/p>\n","protected":false},"author":1,"featured_media":0,"parent":349,"menu_order":0,"comment_status":"closed","ping_status":"closed","template":"","meta":{"_EventAllDay":false,"_EventTimezone":"","_EventStartDate":"","_EventEndDate":"","_EventStartDateUTC":"","_EventEndDateUTC":"","_EventShowMap":false,"_EventShowMapLink":false,"_EventURL":"","_EventCost":"","_EventCostDescription":"","_EventCurrencySymbol":"","_EventCurrencyCode":"","_EventCurrencyPosition":"","_EventDateTimeSeparator":"","_EventTimeRangeSeparator":"","_EventOrganizerID":[],"_EventVenueID":0,"_OrganizerEmail":"","_OrganizerPhone":"","_OrganizerWebsite":"","_VenueAddress":"","_VenueCity":"","_VenueCountry":"","_VenueProvince":"","_VenueZip":"","_VenuePhone":"","_VenueURL":"","_VenueStateProvince":"","_VenueLat":"","_VenueLng":""},"_links":{"self":[{"href":"https:\/\/herder-grundschule.de\/index.php\/wp-json\/wp\/v2\/pages\/373"}],"collection":[{"href":"https:\/\/herder-grundschule.de\/index.php\/wp-json\/wp\/v2\/pages"}],"about":[{"href":"https:\/\/herder-grundschule.de\/index.php\/wp-json\/wp\/v2\/types\/page"}],"author":[{"embeddable":true,"href":"https:\/\/herder-grundschule.de\/index.php\/wp-json\/wp\/v2\/users\/1"}],"replies":[{"embeddable":true,"href":"https:\/\/herder-grundschule.de\/index.php\/wp-json\/wp\/v2\/comments?post=373"}],"version-history":[{"count":49,"href":"https:\/\/herder-grundschule.de\/index.php\/wp-json\/wp\/v2\/pages\/373\/revisions"}],"predecessor-version":[{"id":1007,"href":"https:\/\/herder-grundschule.de\/index.php\/wp-json\/wp\/v2\/pages\/373\/revisions\/1007"}],"up":[{"embeddable":true,"href":"https:\/\/herder-grundschule.de\/index.php\/wp-json\/wp\/v2\/pages\/349"}],"wp:attachment":[{"href":"https:\/\/herder-grundschule.de\/index.php\/wp-json\/wp\/v2\/media?parent=373"}],"curies":[{"name":"wp","href":"https:\/\/api.w.org\/{rel}","templated":true}]}}