{"id":458,"date":"2023-08-30T19:35:36","date_gmt":"2023-08-30T17:35:36","guid":{"rendered":"https:\/\/herder-grundschule.de\/?page_id=458"},"modified":"2023-11-29T20:29:01","modified_gmt":"2023-11-29T19:29:01","slug":"schulobst","status":"publish","type":"page","link":"https:\/\/herder-grundschule.de\/index.php\/schulobst\/","title":{"rendered":"Schulobst"},"content":{"rendered":"\n<p class=\"has-text-align-left\">Unsere Schule wird jede Woche mit frischem Obst und Gem\u00fcse versorgt.<br> <br>Das Obst und Gem\u00fcse wird w\u00f6chentlich von Montag bis Donnerstag an unsere Schule geliefert. Dort wird es morgens gewaschen, in Portionen f\u00fcr jede Klasse vorsortiert und teilweise in mundgerechte St\u00fccke geschnitten.<br><br>Der Obst-Dienst jeder Klasse holt in der Fr\u00fchst\u00fcckspause die Kiste der Klasse und bringt diese nach der Pause auch wieder zur\u00fcck. Teilweise verteilen die Kinder das leckere und frische Obst und Gem\u00fcse an die Klassenkameradinnen und Klassenkameraden. <\/p>\n\n\n\n<p>Mehr Informationen zu dem Projekt unter&nbsp;<a href=\"http:\/\/www.schulobst-milch.nrw.de\/\">http:\/\/www.schulobst-milch.nrw.de<\/a>\/<\/p>\n","protected":false},"excerpt":{"rendered":"<p>Unsere Schule wird jede Woche mit frischem Obst und Gem\u00fcse versorgt. Das Obst und Gem\u00fcse wird w\u00f6chentlich von Montag bis Donnerstag an unsere Schule geliefert. Dort wird es morgens gewaschen, [&hellip;]<\/p>\n","protected":false},"author":1,"featured_media":0,"parent":0,"menu_order":0,"comment_status":"closed","ping_status":"closed","template":"","meta":{"_EventAllDay":false,"_EventTimezone":"","_EventStartDate":"","_EventEndDate":"","_EventStartDateUTC":"","_EventEndDateUTC":"","_EventShowMap":false,"_EventShowMapLink":false,"_EventURL":"","_EventCost":"","_EventCostDescription":"","_EventCurrencySymbol":"","_EventCurrencyCode":"","_EventCurrencyPosition":"","_EventDateTimeSeparator":"","_EventTimeRangeSeparator":"","_EventOrganizerID":[],"_EventVenueID":0,"_OrganizerEmail":"","_OrganizerPhone":"","_OrganizerWebsite":"","_VenueAddress":"","_VenueCity":"","_VenueCountry":"","_VenueProvince":"","_VenueZip":"","_VenuePhone":"","_VenueURL":"","_VenueStateProvince":"","_VenueLat":"","_VenueLng":""},"_links":{"self":[{"href":"https:\/\/herder-grundschule.de\/index.php\/wp-json\/wp\/v2\/pages\/458"}],"collection":[{"href":"https:\/\/herder-grundschule.de\/index.php\/wp-json\/wp\/v2\/pages"}],"about":[{"href":"https:\/\/herder-grundschule.de\/index.php\/wp-json\/wp\/v2\/types\/page"}],"author":[{"embeddable":true,"href":"https:\/\/herder-grundschule.de\/index.php\/wp-json\/wp\/v2\/users\/1"}],"replies":[{"embeddable":true,"href":"https:\/\/herder-grundschule.de\/index.php\/wp-json\/wp\/v2\/comments?post=458"}],"version-history":[{"count":4,"href":"https:\/\/herder-grundschule.de\/index.php\/wp-json\/wp\/v2\/pages\/458\/revisions"}],"predecessor-version":[{"id":511,"href":"https:\/\/herder-grundschule.de\/index.php\/wp-json\/wp\/v2\/pages\/458\/revisions\/511"}],"wp:attachment":[{"href":"https:\/\/herder-grundschule.de\/index.php\/wp-json\/wp\/v2\/media?parent=458"}],"curies":[{"name":"wp","href":"https:\/\/api.w.org\/{rel}","templated":true}]}}