{"id":516,"date":"2023-11-29T21:44:32","date_gmt":"2023-11-29T20:44:32","guid":{"rendered":"https:\/\/herder-grundschule.de\/?page_id=516"},"modified":"2023-11-29T21:51:20","modified_gmt":"2023-11-29T20:51:20","slug":"sport-ag","status":"publish","type":"page","link":"https:\/\/herder-grundschule.de\/index.php\/schulleben-und-projekte\/sport-ag\/","title":{"rendered":"Sport-AG"},"content":{"rendered":"\n<p>In der Sport-AG trainieren wir f\u00fcr verschiedene Sportarten wie Fu\u00dfball, Basketball und Volleyball. Zusammen mit Herrn Derstappen treffen wir uns jeden Mittwoch in der Sporthalle und \u00fcben flei\u00dfig das Kicken, Dribbeln, Baggern und Pritschen.<\/p>\n\n\n\n<p>Da wir am 28.11.2023 ein Volleyballturnier hatten, hat uns sogar ein Volleyballtrainer besucht und uns gecoacht. Wir durften mit zwei Mannschaften antreten und haben unser aller bestes gegeben. Wir konnten den 4. und 7. Platz erreichen! <\/p>\n\n\n\n<p>Jetzt \u00fcben wir weiter f\u00fcr das n\u00e4chste Turnier Anfang des n\u00e4chsten Jahres. Wir hoffen, dass wir es dann vielleicht unter die ersten drei Pl\u00e4tze schaffen.<\/p>\n\n\n\n<p>&#8211; geschrieben von Kindern der Sport-AG<\/p>\n","protected":false},"excerpt":{"rendered":"<p>In der Sport-AG trainieren wir f\u00fcr verschiedene Sportarten wie Fu\u00dfball, Basketball und Volleyball. Zusammen mit Herrn Derstappen treffen wir uns jeden Mittwoch in der Sporthalle und \u00fcben flei\u00dfig das Kicken, [&hellip;]<\/p>\n","protected":false},"author":1,"featured_media":0,"parent":238,"menu_order":1,"comment_status":"closed","ping_status":"closed","template":"","meta":{"_EventAllDay":false,"_EventTimezone":"","_EventStartDate":"","_EventEndDate":"","_EventStartDateUTC":"","_EventEndDateUTC":"","_EventShowMap":false,"_EventShowMapLink":false,"_EventURL":"","_EventCost":"","_EventCostDescription":"","_EventCurrencySymbol":"","_EventCurrencyCode":"","_EventCurrencyPosition":"","_EventDateTimeSeparator":"","_EventTimeRangeSeparator":"","_EventOrganizerID":[],"_EventVenueID":0,"_OrganizerEmail":"","_OrganizerPhone":"","_OrganizerWebsite":"","_VenueAddress":"","_VenueCity":"","_VenueCountry":"","_VenueProvince":"","_VenueZip":"","_VenuePhone":"","_VenueURL":"","_VenueStateProvince":"","_VenueLat":"","_VenueLng":""},"_links":{"self":[{"href":"https:\/\/herder-grundschule.de\/index.php\/wp-json\/wp\/v2\/pages\/516"}],"collection":[{"href":"https:\/\/herder-grundschule.de\/index.php\/wp-json\/wp\/v2\/pages"}],"about":[{"href":"https:\/\/herder-grundschule.de\/index.php\/wp-json\/wp\/v2\/types\/page"}],"author":[{"embeddable":true,"href":"https:\/\/herder-grundschule.de\/index.php\/wp-json\/wp\/v2\/users\/1"}],"replies":[{"embeddable":true,"href":"https:\/\/herder-grundschule.de\/index.php\/wp-json\/wp\/v2\/comments?post=516"}],"version-history":[{"count":1,"href":"https:\/\/herder-grundschule.de\/index.php\/wp-json\/wp\/v2\/pages\/516\/revisions"}],"predecessor-version":[{"id":517,"href":"https:\/\/herder-grundschule.de\/index.php\/wp-json\/wp\/v2\/pages\/516\/revisions\/517"}],"up":[{"embeddable":true,"href":"https:\/\/herder-grundschule.de\/index.php\/wp-json\/wp\/v2\/pages\/238"}],"wp:attachment":[{"href":"https:\/\/herder-grundschule.de\/index.php\/wp-json\/wp\/v2\/media?parent=516"}],"curies":[{"name":"wp","href":"https:\/\/api.w.org\/{rel}","templated":true}]}}