{"id":664,"date":"2024-09-25T20:09:45","date_gmt":"2024-09-25T18:09:45","guid":{"rendered":"https:\/\/herder-grundschule.de\/?page_id=664"},"modified":"2025-11-17T09:12:35","modified_gmt":"2025-11-17T08:12:35","slug":"buecherei","status":"publish","type":"page","link":"https:\/\/herder-grundschule.de\/index.php\/schulleben\/buecherei\/","title":{"rendered":"B\u00fccherei"},"content":{"rendered":"\n<p>Die Herder-Grundschule verf\u00fcgt \u00fcber eine eigene Sch\u00fclerb\u00fccherei. Diese umfasst Literatur f\u00fcr alle Jahrgangs- und Lesestufen. Insgesamt gibt es einen Buchbestand von ca.&nbsp;800&nbsp;B\u00fcchern.<br>F\u00fcr die Kinder besteht die M\u00f6glichkeit, in der B\u00fccherei zu lesen, aber auch B\u00fccher mit ihrem personalisierten B\u00fcchereiausweis auszuleihen.<br>Die B\u00fccherei dient unter anderem als Ort f\u00fcr eine sinnvolle Pausengestaltung und soll m\u00f6glichst viele Kinder an das eigenst\u00e4ndige Lesen und an die Freude an und mit B\u00fcchern heranf\u00fchren.<\/p>\n\n\n\n<p><br>Dabei gibt es bestimmte Zeiten w\u00e4hrend der gro\u00dfen Pause, in denen die Kinder der einzelnen Jahrg\u00e4nge die B\u00fccherei aufsuchen k\u00f6nnen:<\/p>\n\n\n\n<p class=\"has-pale-pink-background-color has-background\"><strong>Mittwochs, 9.30-9.55 Uhr <\/strong><br><strong>Jahrgang 1 und 2<\/strong><\/p>\n\n\n\n<p class=\"has-pale-pink-background-color has-background\"><strong>Freitags, 9.30-9.55 Uhr <\/strong><br><strong>Jahrgang 3 und 4<\/strong><\/p>\n\n\n\n<p>Organisiert und durchgef\u00fchrt werden diese B\u00fcchereipausen von engagierten Eltern aus allen Klassen.<\/p>\n\n\n\n<p>Neben den B\u00fcchereipausen steht es den Lehrkr\u00e4ften frei, die B\u00fccherei auch w\u00e4hrend der Unterrichtszeit zu besuchen und als Lernort zu nutzen.\u00a0<br>Die Schulb\u00fccherei ist untergliedert in verschiedene Bereiche, die mit kindgerechtem Mobiliar ausgestattet sind. Die farbenfrohe und gem\u00fctliche Gestaltung weckt bzw. steigert die Lust am Lesen und gew\u00e4hrt den Besucherinnen und Besuchern einen angenehmen Aufenthalt.<\/p>\n\n\n\n<p>Der\u00a0Arbeits- und Spielbereich\u00a0wurde mit Tischen und St\u00fchlen ausgestattet, die sich leicht verschieben lassen und es erm\u00f6glichen, den Raum auch ohne gro\u00dfe Kraftanstrengung je nach Bedarf zu ver\u00e4ndern. Malen, Basteln, Spielen und Recherchieren sind hier erlaubt.<\/p>\n\n\n\n<p>Der\u00a0Lesebereich\u00a0bietet unterschiedliche Sitzgelegenheiten zum Schm\u00f6kern. Er hat ein gro\u00dfes Sofa mit Kissen, Sitzs\u00e4cke und einen Sitzbereich mit Teppich. Hier ist gen\u00fcgend Platz zum Lesen, Vorlesen, Zuh\u00f6ren und Zuschauen.<br>Der\u00a0Regal- und Informationsbereich\u00a0sorgt f\u00fcr eine sortierte und strukturierte Buchaufbewahrung.\u00a0<\/p>\n\n\n\n<p>Den\u00a0Ausleihbereich\u00a0nutzen die Eltern, um \u00fcber ein selbst entwickeltes Karteikartensystem die B\u00fccherausleihe zu koordinieren und kontrollieren.<br>Sinnvoll ist der\u00a0Garderobenbereich\u00a0im Vorraum zur B\u00fccherei, der einen Schuhwechsel zu Pantoffeln erm\u00f6glicht und somit den Aufenthalt angenehmer gestaltet und gleichzeitig das Mobiliar schont.<br><\/p>\n","protected":false},"excerpt":{"rendered":"<p>Die Herder-Grundschule verf\u00fcgt \u00fcber eine eigene Sch\u00fclerb\u00fccherei. Diese umfasst Literatur f\u00fcr alle Jahrgangs- und Lesestufen. Insgesamt gibt es einen Buchbestand von ca.&nbsp;800&nbsp;B\u00fcchern.F\u00fcr die Kinder besteht die M\u00f6glichkeit, in der B\u00fccherei [&hellip;]<\/p>\n","protected":false},"author":1,"featured_media":0,"parent":660,"menu_order":0,"comment_status":"closed","ping_status":"closed","template":"","meta":{"_EventAllDay":false,"_EventTimezone":"","_EventStartDate":"","_EventEndDate":"","_EventStartDateUTC":"","_EventEndDateUTC":"","_EventShowMap":false,"_EventShowMapLink":false,"_EventURL":"","_EventCost":"","_EventCostDescription":"","_EventCurrencySymbol":"","_EventCurrencyCode":"","_EventCurrencyPosition":"","_EventDateTimeSeparator":"","_EventTimeRangeSeparator":"","_EventOrganizerID":[],"_EventVenueID":0,"_OrganizerEmail":"","_OrganizerPhone":"","_OrganizerWebsite":"","_VenueAddress":"","_VenueCity":"","_VenueCountry":"","_VenueProvince":"","_VenueZip":"","_VenuePhone":"","_VenueURL":"","_VenueStateProvince":"","_VenueLat":"","_VenueLng":""},"_links":{"self":[{"href":"https:\/\/herder-grundschule.de\/index.php\/wp-json\/wp\/v2\/pages\/664"}],"collection":[{"href":"https:\/\/herder-grundschule.de\/index.php\/wp-json\/wp\/v2\/pages"}],"about":[{"href":"https:\/\/herder-grundschule.de\/index.php\/wp-json\/wp\/v2\/types\/page"}],"author":[{"embeddable":true,"href":"https:\/\/herder-grundschule.de\/index.php\/wp-json\/wp\/v2\/users\/1"}],"replies":[{"embeddable":true,"href":"https:\/\/herder-grundschule.de\/index.php\/wp-json\/wp\/v2\/comments?post=664"}],"version-history":[{"count":5,"href":"https:\/\/herder-grundschule.de\/index.php\/wp-json\/wp\/v2\/pages\/664\/revisions"}],"predecessor-version":[{"id":1023,"href":"https:\/\/herder-grundschule.de\/index.php\/wp-json\/wp\/v2\/pages\/664\/revisions\/1023"}],"up":[{"embeddable":true,"href":"https:\/\/herder-grundschule.de\/index.php\/wp-json\/wp\/v2\/pages\/660"}],"wp:attachment":[{"href":"https:\/\/herder-grundschule.de\/index.php\/wp-json\/wp\/v2\/media?parent=664"}],"curies":[{"name":"wp","href":"https:\/\/api.w.org\/{rel}","templated":true}]}}