{"id":668,"date":"2024-09-25T20:11:05","date_gmt":"2024-09-25T18:11:05","guid":{"rendered":"https:\/\/herder-grundschule.de\/?page_id=668"},"modified":"2025-11-17T09:03:57","modified_gmt":"2025-11-17T08:03:57","slug":"hsu-herkunftssprachlicher-unterricht","status":"publish","type":"page","link":"https:\/\/herder-grundschule.de\/index.php\/schulleben\/hsu-herkunftssprachlicher-unterricht\/","title":{"rendered":"HSU &#8211; Herkunftssprachlicher Unterricht"},"content":{"rendered":"\n<p>Der herkunftssprachliche Unterricht (kurz: HSU) ist ein Angebot des Landes NRW f\u00fcr Sch\u00fclerinnen und Sch\u00fcler der Klassen 1 bis 10, die mit zwei oder mehr Sprachen aufwachsen.&nbsp;Die Staatsangeh\u00f6rigkeit ist unerheblich. Der Unterricht wird nach Vorgaben des Landes erteilt und steht unter seiner Schulaufsicht.<\/p>\n\n\n\n<p>Alle Informationen und Materialien finden Sie auf der st\u00e4dtischen Homepage unter dem Schlagwort \u201eHSU\u201c. Ein&nbsp;<strong>Flyer \u201eHSU in Dortmund\u201c&nbsp;<\/strong>liegt dort ebenfalls&nbsp;auch in mehreren Sprachen zum Download bereit.<\/p>\n\n\n\n<p>An der Herder-Grundschule wird zurzeit HSU in den Sprachen T\u00fcrkisch und Arabisch angeboten. Weitere Sprachen werden an anderen Schulen angeboten, eine \u00dcbersicht dazu finden Sie ebenfalls auf der st\u00e4dtischen Homepage.<\/p>\n\n\n\n<p class=\"has-luminous-vivid-amber-background-color has-background\"><strong>Ihr&nbsp;Kind&nbsp;kann&nbsp;durch&nbsp;den&nbsp;herkunftssprachlichen&nbsp;Unterricht<\/strong>&#8230;<\/p>\n\n\n\n<p>\u2026 seine Herkunftssprache in Wort und Schrift erhalten, erweitern und vertiefen.<br>\u2026 die Sensibilit\u00e4t f\u00fcr Sprachen ausbauen.<br>\u2026 die eigene Identit\u00e4t st\u00e4rken.<br>\u2026 sich Bewerbungsvorteile schaffen<br>\u2026 eine Sprache zus\u00e4tzlich k\u00f6nnen als andere.<br>\u2026 seine interkulturelle Handlungsf\u00e4higkeit f\u00f6rdern.<\/p>\n\n\n\n<p class=\"has-luminous-vivid-amber-background-color has-background\"><strong>Der HSU ist<\/strong> <strong>f\u00fcr&nbsp;alle&nbsp;Sch\u00fclerinnen&nbsp;und&nbsp;Sch\u00fcler<\/strong>&#8230;<\/p>\n\n\n\n<p>\u2026, die Grundkenntnisse in der jeweiligen Herkunftssprache mitbringen.<br>\u2026 unabh\u00e4ngig von ihrer Staatsangeh\u00f6rigkeit.<\/p>\n\n\n\n<p class=\"has-luminous-vivid-amber-background-color has-background\"><strong>Wann&nbsp;und&nbsp;wo?&nbsp;Der HSU&#8230;<\/strong><\/p>\n\n\n\n<p>\u2026 findet zus\u00e4tzlich zum Schulunterricht, im Anschluss an den regul\u00e4ren Unterricht statt.<br>\u2026 wird in allen Jahrgangsstufen&nbsp;erteilt.<br>\u2026 wird auf dem Zeugnis bescheinigt.<\/p>\n\n\n\n<p class=\"has-luminous-vivid-amber-background-color has-background\"><strong>Zeugnis&nbsp;und&nbsp;Sprachpr\u00fcfung<\/strong><\/p>\n\n\n\n<p>Die HSU-Lehrkraft stellt eine Bescheinigung \u00fcber die regelm\u00e4\u00dfige Teilnahme und die leistungsentsprechende Benotung aus. Die Schule des Kindes \u00fcbernimmt die Note unter Bemerkungen in das Zeugnis.&nbsp;<\/p>\n\n\n\n<p class=\"has-luminous-vivid-amber-background-color has-background\"><strong>An-\/Abmeldung<\/strong><\/p>\n\n\n\n<p>Eine Anmeldung erfolgt \u00fcber ein Formular, das in der Schule abgegeben wird. Die Anmeldung f\u00fcr ein Schuljahr muss immer bis Mitte M\u00e4rz des Vorschuljahres erfolgen. Ausnahmen bestehen f\u00fcr die neuen Erstkl\u00e4ssler*innen und Kinder, die nach diesem Datum an die Schule gewechselt sind.<\/p>\n\n\n\n<p>Eine Anmeldung verpflichtet zur regelm\u00e4\u00dfigen Teilnahme. Eine Abmeldung ist nur zum Ende eines Schuljahres f\u00fcr das kommende Schuljahr m\u00f6glich.<\/p>\n\n\n\n<p>Infoflyer HSU:<\/p>\n\n\n\n<p><a href=\"https:\/\/www.dortmund.de\/dortmund\/projekte\/rathaus\/verwaltung\/schule\/downloads\/services\/flyer-herkunftssprachlicher-unterricht-hsu-in-dortmund-deutsch.pdf\">https:\/\/www.dortmund.de\/dortmund\/projekte\/rathaus\/verwaltung\/schule\/downloads\/services\/flyer-herkunftssprachlicher-unterricht-hsu-in-dortmund-deutsch.pdf<\/a><\/p>\n\n\n\n<p><\/p>\n\n\n\n<p>Anmeldeformular SJ 26\/27:<\/p>\n\n\n\n<p><a href=\"https:\/\/www.dortmund.de\/dortmund\/projekte\/rathaus\/verwaltung\/schule\/anmeldeformular-hsu-sj-2026_27.pdf\">https:\/\/www.dortmund.de\/dortmund\/projekte\/rathaus\/verwaltung\/schule\/anmeldeformular-hsu-sj-2026_27.pdf<\/a><\/p>\n\n\n\n<p><\/p>\n","protected":false},"excerpt":{"rendered":"<p>Der herkunftssprachliche Unterricht (kurz: HSU) ist ein Angebot des Landes NRW f\u00fcr Sch\u00fclerinnen und Sch\u00fcler der Klassen 1 bis 10, die mit zwei oder mehr Sprachen aufwachsen.&nbsp;Die Staatsangeh\u00f6rigkeit ist unerheblich. [&hellip;]<\/p>\n","protected":false},"author":1,"featured_media":0,"parent":660,"menu_order":0,"comment_status":"closed","ping_status":"closed","template":"","meta":{"_EventAllDay":false,"_EventTimezone":"","_EventStartDate":"","_EventEndDate":"","_EventStartDateUTC":"","_EventEndDateUTC":"","_EventShowMap":false,"_EventShowMapLink":false,"_EventURL":"","_EventCost":"","_EventCostDescription":"","_EventCurrencySymbol":"","_EventCurrencyCode":"","_EventCurrencyPosition":"","_EventDateTimeSeparator":"","_EventTimeRangeSeparator":"","_EventOrganizerID":[],"_EventVenueID":0,"_OrganizerEmail":"","_OrganizerPhone":"","_OrganizerWebsite":"","_VenueAddress":"","_VenueCity":"","_VenueCountry":"","_VenueProvince":"","_VenueZip":"","_VenuePhone":"","_VenueURL":"","_VenueStateProvince":"","_VenueLat":"","_VenueLng":""},"_links":{"self":[{"href":"https:\/\/herder-grundschule.de\/index.php\/wp-json\/wp\/v2\/pages\/668"}],"collection":[{"href":"https:\/\/herder-grundschule.de\/index.php\/wp-json\/wp\/v2\/pages"}],"about":[{"href":"https:\/\/herder-grundschule.de\/index.php\/wp-json\/wp\/v2\/types\/page"}],"author":[{"embeddable":true,"href":"https:\/\/herder-grundschule.de\/index.php\/wp-json\/wp\/v2\/users\/1"}],"replies":[{"embeddable":true,"href":"https:\/\/herder-grundschule.de\/index.php\/wp-json\/wp\/v2\/comments?post=668"}],"version-history":[{"count":5,"href":"https:\/\/herder-grundschule.de\/index.php\/wp-json\/wp\/v2\/pages\/668\/revisions"}],"predecessor-version":[{"id":1021,"href":"https:\/\/herder-grundschule.de\/index.php\/wp-json\/wp\/v2\/pages\/668\/revisions\/1021"}],"up":[{"embeddable":true,"href":"https:\/\/herder-grundschule.de\/index.php\/wp-json\/wp\/v2\/pages\/660"}],"wp:attachment":[{"href":"https:\/\/herder-grundschule.de\/index.php\/wp-json\/wp\/v2\/media?parent=668"}],"curies":[{"name":"wp","href":"https:\/\/api.w.org\/{rel}","templated":true}]}}