{"id":674,"date":"2024-09-25T20:12:26","date_gmt":"2024-09-25T18:12:26","guid":{"rendered":"https:\/\/herder-grundschule.de\/?page_id=674"},"modified":"2024-09-26T22:08:02","modified_gmt":"2024-09-26T20:08:02","slug":"digitales-lernen","status":"publish","type":"page","link":"https:\/\/herder-grundschule.de\/index.php\/schulleben\/digitales-lernen\/","title":{"rendered":"Digitales Lernen"},"content":{"rendered":"\n<p>Die Arbeit mit modernen Medien ist ein grundlegender Bestandteil der gesellschaftlichen Entwicklung und somit auch wichtiges Element schulischen Lernens. Allen Kindern und Jugendlichen sollen die erforderlichen Schl\u00fcsselqualifikationen und eine erfolgreiche berufliche Orientierung bis zum Ende ihrer Schullaufbahn vermittelt und eine gesellschaftliche Partizipation sowie ein selbstbestimmtes Leben erm\u00f6glicht werden.<br>An der Herder-Grundschule ist die Medienerziehung wichtiger Baustein der Schulentwicklung und wird in den Unterrichtsalltag einbezogen. Neben der Nutzung von Medien als Hilfsmittel f\u00fcr die Vermittlung fachlicher Inhalte gilt es, die Kinder in der kritischen Auseinandersetzung mit Medien und der durch diese verf\u00fcgbaren Menge an Informationen zu schulen. So sollen die Kinder lernen, sachgerecht, selbstbestimmt und selbstst\u00e4ndig sowie sozial verantwortungsbewusst aber auch kreativ mit Medien umzugehen.<\/p>\n\n\n\n<p>Insbesondere die LernApp ,,Anton&#8220; sowie die Lernsoftware ,,Antolin&#8220; werden regelm\u00e4\u00dfig in den Unterricht integriert und genutzt.<\/p>\n\n\n\n<p class=\"has-cyan-bluish-gray-background-color has-background\"><strong>Anton<\/strong><\/p>\n\n\n\n<p>Anton ist eine LernApp, die verschiedene Aufgaben und interaktive \u00dcbungstypen, Erkl\u00e4rungen und Lernspiele zu vielen Schulf\u00e4chern wie Mathematik, Deutsch, Deutsch als Zweitsprache (DaZ), Sachunterricht, Englisch und Musik anbietet. Sie dient sowohl dem eigenst\u00e4ndigen Lernen der Sch\u00fclerinnen und Sch\u00fcler als auch dem gemeinsamen Vertiefen von Inhalten. Der Lehrkraft ist es m\u00f6glich, den Lernenden einzelne Aufgaben zuzuweisen und den individuellen Lernfortschritt einzusehen. Anton belohnt die Kinder f\u00fcr gute Leistungen mit Sternen, M\u00fcnzen und Pokalen, die sie zum Spielen nutzen k\u00f6nnen.<\/p>\n\n\n\n<p class=\"has-cyan-bluish-gray-background-color has-background\"><strong>Antolin<\/strong><\/p>\n\n\n\n<p>Antolin\u00a0ist ein Portal zur Lesef\u00f6rderung von Sch\u00fclerinnen und Sch\u00fclern. Die Website stellt Frageb\u00f6gen zu Werken der Kinder- und Jugendliteratur, zu Comics, Nachschlagewerken sowie Lehrwerken von Klasse 1 bis 4 zur Verf\u00fcgung. Durch die Dokumentation der individuellen Leseleistung sollen die Lernenden dazu angeregt werden, eigenst\u00e4ndig zu lesen und sich mit dem Inhalt von B\u00fcchern auseinander zu setzen. Der Lehrperson ist es m\u00f6glich, Einblick in das Leseverhalten und die Leseleistung ihrer Sch\u00fclerinnen und Sch\u00fcler zu erhalten.<\/p>\n","protected":false},"excerpt":{"rendered":"<p>Die Arbeit mit modernen Medien ist ein grundlegender Bestandteil der gesellschaftlichen Entwicklung und somit auch wichtiges Element schulischen Lernens. Allen Kindern und Jugendlichen sollen die erforderlichen Schl\u00fcsselqualifikationen und eine erfolgreiche [&hellip;]<\/p>\n","protected":false},"author":1,"featured_media":0,"parent":660,"menu_order":0,"comment_status":"closed","ping_status":"closed","template":"","meta":{"_EventAllDay":false,"_EventTimezone":"","_EventStartDate":"","_EventEndDate":"","_EventStartDateUTC":"","_EventEndDateUTC":"","_EventShowMap":false,"_EventShowMapLink":false,"_EventURL":"","_EventCost":"","_EventCostDescription":"","_EventCurrencySymbol":"","_EventCurrencyCode":"","_EventCurrencyPosition":"","_EventDateTimeSeparator":"","_EventTimeRangeSeparator":"","_EventOrganizerID":[],"_EventVenueID":0,"_OrganizerEmail":"","_OrganizerPhone":"","_OrganizerWebsite":"","_VenueAddress":"","_VenueCity":"","_VenueCountry":"","_VenueProvince":"","_VenueZip":"","_VenuePhone":"","_VenueURL":"","_VenueStateProvince":"","_VenueLat":"","_VenueLng":""},"_links":{"self":[{"href":"https:\/\/herder-grundschule.de\/index.php\/wp-json\/wp\/v2\/pages\/674"}],"collection":[{"href":"https:\/\/herder-grundschule.de\/index.php\/wp-json\/wp\/v2\/pages"}],"about":[{"href":"https:\/\/herder-grundschule.de\/index.php\/wp-json\/wp\/v2\/types\/page"}],"author":[{"embeddable":true,"href":"https:\/\/herder-grundschule.de\/index.php\/wp-json\/wp\/v2\/users\/1"}],"replies":[{"embeddable":true,"href":"https:\/\/herder-grundschule.de\/index.php\/wp-json\/wp\/v2\/comments?post=674"}],"version-history":[{"count":3,"href":"https:\/\/herder-grundschule.de\/index.php\/wp-json\/wp\/v2\/pages\/674\/revisions"}],"predecessor-version":[{"id":701,"href":"https:\/\/herder-grundschule.de\/index.php\/wp-json\/wp\/v2\/pages\/674\/revisions\/701"}],"up":[{"embeddable":true,"href":"https:\/\/herder-grundschule.de\/index.php\/wp-json\/wp\/v2\/pages\/660"}],"wp:attachment":[{"href":"https:\/\/herder-grundschule.de\/index.php\/wp-json\/wp\/v2\/media?parent=674"}],"curies":[{"name":"wp","href":"https:\/\/api.w.org\/{rel}","templated":true}]}}