{"id":676,"date":"2024-09-25T20:12:52","date_gmt":"2024-09-25T18:12:52","guid":{"rendered":"https:\/\/herder-grundschule.de\/?page_id=676"},"modified":"2024-10-08T20:55:02","modified_gmt":"2024-10-08T18:55:02","slug":"klasse-2000","status":"publish","type":"page","link":"https:\/\/herder-grundschule.de\/index.php\/schulleben-und-projekte\/klasse-2000\/","title":{"rendered":"Klasse2000 &#8211; Lernen mit KLARO!"},"content":{"rendered":"\n<p>Klasse2000 ist das bundesweit gr\u00f6\u00dfte Unterrichtsprogramm zur Gesundheitsf\u00f6rderung, Sucht- und Gewaltvorbeugung f\u00fcr die Grundschule.&nbsp;Schon seit einigen Jahren beteiligt sich die Herder-Grundschule an diesem Programm, dessen Wirksamkeit in Studien wissenschaftlich belegt werden konnte.<\/p>\n\n\n\n<p>Die Kinder erforschen mit der Leitfigur KLARO, wie ihr K\u00f6rper funktioniert und was sie selbst tun k\u00f6nnen, damit es ihnen gut geht. Themen sind z. B.:&nbsp;<\/p>\n\n\n\n<ul>\n<li>K\u00f6rperwissen (Atmung, Bewegung, Verdauung, Herz-Kreislauf-System)<\/li>\n\n\n\n<li>Bewegung und Entspannung<\/li>\n\n\n\n<li>Ern\u00e4hrung<\/li>\n\n\n\n<li>Sucht- und Gewaltpr\u00e4vention<\/li>\n\n\n\n<li>pers\u00f6nliche und soziale Kompetenzen (z. B. gewaltfreie Konfliktl\u00f6sung)<\/li>\n<\/ul>\n\n\n\n<p>Das Unterrichtsprogramm begleitet die Kinder von Klasse 1 bis 4. Zwei bis drei Mal pro Schuljahr besuchen speziell geschulte Gesundheitsf\u00f6rderinnen und Gesundheitsf\u00f6rderer die Klassen und f\u00fchren mit besonderen Experimenten und Spielen neue Themen ein, die die Lehrkr\u00e4fte anschlie\u00dfend vertiefen k\u00f6nnen.<\/p>\n","protected":false},"excerpt":{"rendered":"<p>Klasse2000 ist das bundesweit gr\u00f6\u00dfte Unterrichtsprogramm zur Gesundheitsf\u00f6rderung, Sucht- und Gewaltvorbeugung f\u00fcr die Grundschule.&nbsp;Schon seit einigen Jahren beteiligt sich die Herder-Grundschule an diesem Programm, dessen Wirksamkeit in Studien wissenschaftlich belegt [&hellip;]<\/p>\n","protected":false},"author":1,"featured_media":0,"parent":238,"menu_order":2,"comment_status":"closed","ping_status":"closed","template":"","meta":{"_EventAllDay":false,"_EventTimezone":"","_EventStartDate":"","_EventEndDate":"","_EventStartDateUTC":"","_EventEndDateUTC":"","_EventShowMap":false,"_EventShowMapLink":false,"_EventURL":"","_EventCost":"","_EventCostDescription":"","_EventCurrencySymbol":"","_EventCurrencyCode":"","_EventCurrencyPosition":"","_EventDateTimeSeparator":"","_EventTimeRangeSeparator":"","_EventOrganizerID":[],"_EventVenueID":0,"_OrganizerEmail":"","_OrganizerPhone":"","_OrganizerWebsite":"","_VenueAddress":"","_VenueCity":"","_VenueCountry":"","_VenueProvince":"","_VenueZip":"","_VenuePhone":"","_VenueURL":"","_VenueStateProvince":"","_VenueLat":"","_VenueLng":""},"_links":{"self":[{"href":"https:\/\/herder-grundschule.de\/index.php\/wp-json\/wp\/v2\/pages\/676"}],"collection":[{"href":"https:\/\/herder-grundschule.de\/index.php\/wp-json\/wp\/v2\/pages"}],"about":[{"href":"https:\/\/herder-grundschule.de\/index.php\/wp-json\/wp\/v2\/types\/page"}],"author":[{"embeddable":true,"href":"https:\/\/herder-grundschule.de\/index.php\/wp-json\/wp\/v2\/users\/1"}],"replies":[{"embeddable":true,"href":"https:\/\/herder-grundschule.de\/index.php\/wp-json\/wp\/v2\/comments?post=676"}],"version-history":[{"count":2,"href":"https:\/\/herder-grundschule.de\/index.php\/wp-json\/wp\/v2\/pages\/676\/revisions"}],"predecessor-version":[{"id":710,"href":"https:\/\/herder-grundschule.de\/index.php\/wp-json\/wp\/v2\/pages\/676\/revisions\/710"}],"up":[{"embeddable":true,"href":"https:\/\/herder-grundschule.de\/index.php\/wp-json\/wp\/v2\/pages\/238"}],"wp:attachment":[{"href":"https:\/\/herder-grundschule.de\/index.php\/wp-json\/wp\/v2\/media?parent=676"}],"curies":[{"name":"wp","href":"https:\/\/api.w.org\/{rel}","templated":true}]}}