{"id":680,"date":"2024-09-25T20:14:47","date_gmt":"2024-09-25T18:14:47","guid":{"rendered":"https:\/\/herder-grundschule.de\/?page_id=680"},"modified":"2025-02-21T18:22:21","modified_gmt":"2025-02-21T17:22:21","slug":"mein-koerper-gehoert-mir","status":"publish","type":"page","link":"https:\/\/herder-grundschule.de\/index.php\/schulleben-und-projekte\/mein-koerper-gehoert-mir\/","title":{"rendered":"Mein K\u00f6rper geh\u00f6rt mir"},"content":{"rendered":"\n<p>\u201eMein K\u00f6rper geh\u00f6rt mir\u201c ist ein interaktives Theaterst\u00fcck, an dem die Kinder aktiv beteiligt werden.<br>Ziel des Projektes ist es, die Kinder in ihrem Wissen zu st\u00e4rken, dass ihr K\u00f6rper ihr pers\u00f6nliches Eigentum ist. Er geh\u00f6rt nur ihnen und nur sie wissen, wie ihr K\u00f6rper f\u00fchlt.<br>Die Kinder werden gest\u00e4rkt ihrem Gef\u00fchl zu vertrauen. Habe ich ein \u201eNein-Gef\u00fchl\u201c, habe ich das Recht, dies laut und deutlich zu \u00e4u\u00dfern oder die Situation zu verlassen und mir Hilfe zu holen. Habe ich ein \u201eJa-Gef\u00fchl\u201c, ist alles in Ordnung.<\/p>\n\n\n\n<figure class=\"wp-block-image size-full\"><img decoding=\"async\" loading=\"lazy\" width=\"810\" height=\"458\" src=\"https:\/\/herder-grundschule.de\/wp-content\/uploads\/2025\/02\/Group_THEATERPAeDAGOGISCHE-WERKSTATT_TPW_logo_ROT.jpg\" alt=\"\" class=\"wp-image-805\" srcset=\"https:\/\/herder-grundschule.de\/wp-content\/uploads\/2025\/02\/Group_THEATERPAeDAGOGISCHE-WERKSTATT_TPW_logo_ROT.jpg 810w, https:\/\/herder-grundschule.de\/wp-content\/uploads\/2025\/02\/Group_THEATERPAeDAGOGISCHE-WERKSTATT_TPW_logo_ROT-300x170.jpg 300w, https:\/\/herder-grundschule.de\/wp-content\/uploads\/2025\/02\/Group_THEATERPAeDAGOGISCHE-WERKSTATT_TPW_logo_ROT-768x434.jpg 768w\" sizes=\"(max-width: 810px) 100vw, 810px\" \/><figcaption class=\"wp-element-caption\"><br><br><br>Quelle: https:\/\/meinkoerpergehoertmir.de\/stueck.html<\/figcaption><\/figure>\n","protected":false},"excerpt":{"rendered":"<p>\u201eMein K\u00f6rper geh\u00f6rt mir\u201c ist ein interaktives Theaterst\u00fcck, an dem die Kinder aktiv beteiligt werden.Ziel des Projektes ist es, die Kinder in ihrem Wissen zu st\u00e4rken, dass ihr K\u00f6rper ihr [&hellip;]<\/p>\n","protected":false},"author":1,"featured_media":0,"parent":238,"menu_order":0,"comment_status":"closed","ping_status":"closed","template":"","meta":{"_EventAllDay":false,"_EventTimezone":"","_EventStartDate":"","_EventEndDate":"","_EventStartDateUTC":"","_EventEndDateUTC":"","_EventShowMap":false,"_EventShowMapLink":false,"_EventURL":"","_EventCost":"","_EventCostDescription":"","_EventCurrencySymbol":"","_EventCurrencyCode":"","_EventCurrencyPosition":"","_EventDateTimeSeparator":"","_EventTimeRangeSeparator":"","_EventOrganizerID":[],"_EventVenueID":0,"_OrganizerEmail":"","_OrganizerPhone":"","_OrganizerWebsite":"","_VenueAddress":"","_VenueCity":"","_VenueCountry":"","_VenueProvince":"","_VenueZip":"","_VenuePhone":"","_VenueURL":"","_VenueStateProvince":"","_VenueLat":"","_VenueLng":""},"_links":{"self":[{"href":"https:\/\/herder-grundschule.de\/index.php\/wp-json\/wp\/v2\/pages\/680"}],"collection":[{"href":"https:\/\/herder-grundschule.de\/index.php\/wp-json\/wp\/v2\/pages"}],"about":[{"href":"https:\/\/herder-grundschule.de\/index.php\/wp-json\/wp\/v2\/types\/page"}],"author":[{"embeddable":true,"href":"https:\/\/herder-grundschule.de\/index.php\/wp-json\/wp\/v2\/users\/1"}],"replies":[{"embeddable":true,"href":"https:\/\/herder-grundschule.de\/index.php\/wp-json\/wp\/v2\/comments?post=680"}],"version-history":[{"count":4,"href":"https:\/\/herder-grundschule.de\/index.php\/wp-json\/wp\/v2\/pages\/680\/revisions"}],"predecessor-version":[{"id":807,"href":"https:\/\/herder-grundschule.de\/index.php\/wp-json\/wp\/v2\/pages\/680\/revisions\/807"}],"up":[{"embeddable":true,"href":"https:\/\/herder-grundschule.de\/index.php\/wp-json\/wp\/v2\/pages\/238"}],"wp:attachment":[{"href":"https:\/\/herder-grundschule.de\/index.php\/wp-json\/wp\/v2\/media?parent=680"}],"curies":[{"name":"wp","href":"https:\/\/api.w.org\/{rel}","templated":true}]}}