{"id":682,"date":"2024-09-25T20:15:44","date_gmt":"2024-09-25T18:15:44","guid":{"rendered":"https:\/\/herder-grundschule.de\/?page_id=682"},"modified":"2025-02-08T20:20:45","modified_gmt":"2025-02-08T19:20:45","slug":"gesund-im-mund","status":"publish","type":"page","link":"https:\/\/herder-grundschule.de\/index.php\/schulleben-und-projekte\/gesund-im-mund\/","title":{"rendered":"Gesund im Mund"},"content":{"rendered":"\n<p>Das Unterrichtskonzept ,,Gesund im Mund&#8220; wurde vom Arbeitskreis Zahngesundheit Westfalen-Lippe in Verbindung mit der Universit\u00e4t Dortmund erarbeitet. Im Rahmen dieses Projektes lernen die Sch\u00fclerinnen und Sch\u00fcler aller Altersstufen in handlungs- und produktorientierter Weise etwas \u00fcber Zahngesundheit und Mundhygiene.<\/p>\n\n\n\n<p>An mehreren Stationen setzen sich die Lernenden selbstst\u00e4ndig mit unterschiedlichen Thematiken auseinander. Je nach Klassenstufe werden folgende Schwerpunkte gesetzt:<\/p>\n\n\n\n<p class=\"has-background\" style=\"background-color:#9b51e057\"><strong>1. Schuljahr:<\/strong> Zahngesunde und ungesunde Ern\u00e4hrung<br><strong>2. Schuljahr:<\/strong> Namen und Funktionen der Z\u00e4hne, KAI-Zahnputzsystematik<br><strong>3. Schuljahr:<\/strong> Zahnaufbau, Kariesentstehung und -verh\u00fctung<br><strong>4. Schuljahr:<\/strong> Fluoridierung, Wiederholung und Vertiefung der bereits vermittelten Informationen aus den vorangegangenen Schuljahren<\/p>\n\n\n\n<p>Die Doppelstunde wird von speziell ausgebildeten Mitarbeiterinnen und Mitarbeitern des \u00f6rtlichen Arbeitskreises, niedergelassenen Zahn\u00e4rztinnen und Zahn\u00e4rzten, Zahn\u00e4rztinnen und Zahn\u00e4rzten der Gesundheits\u00e4mter sowie deren zahnmedizinischen Fachangestellten gestaltet und durchgef\u00fchrt. <\/p>\n\n\n\n<p><\/p>\n\n\n\n<p><\/p>\n","protected":false},"excerpt":{"rendered":"<p>Das Unterrichtskonzept ,,Gesund im Mund&#8220; wurde vom Arbeitskreis Zahngesundheit Westfalen-Lippe in Verbindung mit der Universit\u00e4t Dortmund erarbeitet. Im Rahmen dieses Projektes lernen die Sch\u00fclerinnen und Sch\u00fcler aller Altersstufen in handlungs- [&hellip;]<\/p>\n","protected":false},"author":1,"featured_media":0,"parent":238,"menu_order":0,"comment_status":"closed","ping_status":"closed","template":"","meta":{"_EventAllDay":false,"_EventTimezone":"","_EventStartDate":"","_EventEndDate":"","_EventStartDateUTC":"","_EventEndDateUTC":"","_EventShowMap":false,"_EventShowMapLink":false,"_EventURL":"","_EventCost":"","_EventCostDescription":"","_EventCurrencySymbol":"","_EventCurrencyCode":"","_EventCurrencyPosition":"","_EventDateTimeSeparator":"","_EventTimeRangeSeparator":"","_EventOrganizerID":[],"_EventVenueID":0,"_OrganizerEmail":"","_OrganizerPhone":"","_OrganizerWebsite":"","_VenueAddress":"","_VenueCity":"","_VenueCountry":"","_VenueProvince":"","_VenueZip":"","_VenuePhone":"","_VenueURL":"","_VenueStateProvince":"","_VenueLat":"","_VenueLng":""},"_links":{"self":[{"href":"https:\/\/herder-grundschule.de\/index.php\/wp-json\/wp\/v2\/pages\/682"}],"collection":[{"href":"https:\/\/herder-grundschule.de\/index.php\/wp-json\/wp\/v2\/pages"}],"about":[{"href":"https:\/\/herder-grundschule.de\/index.php\/wp-json\/wp\/v2\/types\/page"}],"author":[{"embeddable":true,"href":"https:\/\/herder-grundschule.de\/index.php\/wp-json\/wp\/v2\/users\/1"}],"replies":[{"embeddable":true,"href":"https:\/\/herder-grundschule.de\/index.php\/wp-json\/wp\/v2\/comments?post=682"}],"version-history":[{"count":4,"href":"https:\/\/herder-grundschule.de\/index.php\/wp-json\/wp\/v2\/pages\/682\/revisions"}],"predecessor-version":[{"id":790,"href":"https:\/\/herder-grundschule.de\/index.php\/wp-json\/wp\/v2\/pages\/682\/revisions\/790"}],"up":[{"embeddable":true,"href":"https:\/\/herder-grundschule.de\/index.php\/wp-json\/wp\/v2\/pages\/238"}],"wp:attachment":[{"href":"https:\/\/herder-grundschule.de\/index.php\/wp-json\/wp\/v2\/media?parent=682"}],"curies":[{"name":"wp","href":"https:\/\/api.w.org\/{rel}","templated":true}]}}