{"id":69,"date":"2023-04-26T21:07:25","date_gmt":"2023-04-26T19:07:25","guid":{"rendered":"https:\/\/herder-grundschule.de\/test\/wordpress\/?page_id=69"},"modified":"2023-08-01T10:44:43","modified_gmt":"2023-08-01T08:44:43","slug":"tipps-fuer-kinder","status":"publish","type":"page","link":"https:\/\/herder-grundschule.de\/index.php\/tipps-fuer-kinder\/","title":{"rendered":"Ideen f\u00fcr Kinder"},"content":{"rendered":"\n<h4>Hier findest du einige Anregungen zum Lernen, Spielen, Forschen und Entdecken f\u00fcr zu Hause.<\/h4>\n\n\n\n<div style=\"height:35px\" aria-hidden=\"true\" class=\"wp-block-spacer\"><\/div>\n\n\n\n<h3><strong>Lerntipps<\/strong><\/h3>\n\n\n\n<div class=\"is-layout-flex wp-block-buttons\">\n<div class=\"wp-block-button is-style-outline\"><a class=\"wp-block-button__link has-cyan-bluish-gray-background-color has-background wp-element-button\" href=\"https:\/\/anton.app\/de\/\" target=\"_blank\" rel=\"noreferrer noopener\">        ANTON       <\/a><\/div>\n\n\n\n<div class=\"wp-block-button is-style-outline\"><a class=\"wp-block-button__link has-background wp-element-button\" href=\"https:\/\/www.meine-forscherwelt.de\/spielen\" style=\"background-color:#345c008a\" target=\"_blank\" rel=\"noreferrer noopener\">Meine Forscherwelt<\/a><\/div>\n\n\n\n<div class=\"wp-block-button is-style-outline\"><a class=\"wp-block-button__link has-background wp-element-button\" href=\"http:\/\/sikore.schiffner-tischer.de\/\" style=\"background-color:#0792e373\" target=\"_blank\" rel=\"noreferrer noopener\">Kopfrechnen: Sikore<\/a><\/div>\n<\/div>\n\n\n\n<div class=\"is-layout-flex wp-block-buttons\">\n<div class=\"wp-block-button is-style-outline\"><a class=\"wp-block-button__link has-cyan-bluish-gray-background-color has-background wp-element-button\" href=\"https:\/\/learningapps.org\/index.php?overview&amp;s=&amp;category=0&amp;tool=\" target=\"_blank\" rel=\"noreferrer noopener\">LearningApps<\/a><\/div>\n<\/div>\n\n\n\n<p>f\u00fcr Kinder aus Klasse 3 und 4:<\/p>\n\n\n\n<div class=\"is-layout-flex wp-block-buttons\">\n<div class=\"wp-block-button is-style-outline\"><a class=\"wp-block-button__link has-background wp-element-button\" href=\"https:\/\/www.diktat-ueben.de\/\" style=\"background-color:#cf2d2d78\" target=\"_blank\" rel=\"noreferrer noopener\">Diktate online lernen<\/a><\/div>\n<\/div>\n\n\n\n<div style=\"height:35px\" aria-hidden=\"true\" class=\"wp-block-spacer\"><\/div>\n\n\n\n<hr class=\"wp-block-separator has-alpha-channel-opacity is-style-wide\"\/>\n\n\n\n<h3><strong>Was du f\u00fcr deinen Alltag lernen kannst<\/strong><\/h3>\n\n\n\n<div class=\"is-layout-flex wp-block-buttons\">\n<div class=\"wp-block-button is-style-outline\"><a class=\"wp-block-button__link has-background wp-element-button\" href=\"https:\/\/de.wikihow.com\/Schuhe-binden\" style=\"background-color:#fcb90059\" target=\"_blank\" rel=\"noreferrer noopener\"> Schuhe binden   <\/a><\/div>\n\n\n\n<div class=\"wp-block-button is-style-outline\"><a class=\"wp-block-button__link has-background wp-element-button\" href=\"https:\/\/diekleinebotin.at\/schneide-box-feinmotorik\/\" style=\"background-color:#fcb90059\" target=\"_blank\" rel=\"noreferrer noopener\">richtig schneiden<\/a><\/div>\n<\/div>\n\n\n\n<div style=\"height:35px\" aria-hidden=\"true\" class=\"wp-block-spacer\"><\/div>\n\n\n\n<hr class=\"wp-block-separator has-alpha-channel-opacity is-style-wide\"\/>\n\n\n\n<h3><strong>Experimente mit Erwachsenen<\/strong><\/h3>\n\n\n\n<div class=\"is-layout-flex wp-block-buttons\">\n<div class=\"wp-block-button is-style-outline\"><a class=\"wp-block-button__link has-background wp-element-button\" href=\"https:\/\/www.geo.de\/geolino\/basteln\/15225-thma-experimente\" style=\"background-color:#345c008a\" target=\"_blank\" rel=\"noreferrer noopener\">Experimentieren<\/a><\/div>\n\n\n\n<div class=\"wp-block-button is-style-outline\"><a class=\"wp-block-button__link has-background wp-element-button\" href=\"https:\/\/yumtamtam.de\/Rezepte\/K\u00fcchenexperimente-lustige-Reaktionen-mit-Lebensmitteln.html#xtor=SEA-10073-GOO-%5B37155670684%5D-%5B248561142955%5D-S-\" style=\"background-color:#345c008a\" target=\"_blank\" rel=\"noreferrer noopener\">K\u00fcchenexperimente<\/a><\/div>\n\n\n\n<div class=\"wp-block-button is-style-outline\"><a class=\"wp-block-button__link has-background wp-element-button\" href=\"https:\/\/www.schule-und-familie.de\/experimente\/experimente-mit-wasser.html\" style=\"background-color:#345c008a\" target=\"_blank\" rel=\"noreferrer noopener\">Experimentieren mit Wasser<\/a><\/div>\n<\/div>\n\n\n\n<div style=\"height:35px\" aria-hidden=\"true\" class=\"wp-block-spacer\"><\/div>\n\n\n\n<hr class=\"wp-block-separator has-alpha-channel-opacity is-style-wide\"\/>\n\n\n\n<h3><strong>Lern- und Bewegungslieder<\/strong><\/h3>\n\n\n\n<figure class=\"wp-block-embed is-type-video is-provider-youtube wp-block-embed-youtube wp-embed-aspect-4-3 wp-has-aspect-ratio\"><div class=\"wp-block-embed__wrapper\">\n<iframe loading=\"lazy\" title=\"Tinto Lied Buchstabenhaus Rap Song\" width=\"500\" height=\"375\" src=\"https:\/\/www.youtube.com\/embed\/BoQslc1R7fk?feature=oembed\" frameborder=\"0\" allow=\"accelerometer; autoplay; clipboard-write; encrypted-media; gyroscope; picture-in-picture; web-share\" allowfullscreen><\/iframe>\n<\/div><\/figure>\n\n\n\n<figure class=\"wp-block-embed is-type-video is-provider-youtube wp-block-embed-youtube wp-embed-aspect-16-9 wp-has-aspect-ratio\"><div class=\"wp-block-embed__wrapper\">\n<iframe loading=\"lazy\" title=\"Verliebte Zahlen || Kinderlieder zum Lernen\" width=\"500\" height=\"281\" src=\"https:\/\/www.youtube.com\/embed\/hL8IlM6rrf4?feature=oembed\" frameborder=\"0\" allow=\"accelerometer; autoplay; clipboard-write; encrypted-media; gyroscope; picture-in-picture; web-share\" allowfullscreen><\/iframe>\n<\/div><\/figure>\n\n\n\n<figure class=\"wp-block-embed is-type-video is-provider-youtube wp-block-embed-youtube wp-embed-aspect-16-9 wp-has-aspect-ratio\"><div class=\"wp-block-embed__wrapper\">\n<iframe loading=\"lazy\" title=\"Lichterkinder - Guck mal diese Biene da (Offizielles Tanzvideo) | Kinderlied zum Tanzen und Bewegen\" width=\"500\" height=\"281\" src=\"https:\/\/www.youtube.com\/embed\/I1Ns-nVULzA?start=1&#038;feature=oembed\" frameborder=\"0\" allow=\"accelerometer; autoplay; clipboard-write; encrypted-media; gyroscope; picture-in-picture; web-share\" allowfullscreen><\/iframe>\n<\/div><\/figure>\n\n\n\n<figure class=\"wp-block-embed is-type-video is-provider-youtube wp-block-embed-youtube wp-embed-aspect-16-9 wp-has-aspect-ratio\"><div class=\"wp-block-embed__wrapper\">\n<iframe loading=\"lazy\" title=\"K\u00f6rperteil Blues (Offizielles Tanzvideo) - Lichterkinder | Kinderlieder | Bewegungslieder\" width=\"500\" height=\"281\" src=\"https:\/\/www.youtube.com\/embed\/iXFAunwnIxE?feature=oembed\" frameborder=\"0\" allow=\"accelerometer; autoplay; clipboard-write; encrypted-media; gyroscope; picture-in-picture; web-share\" allowfullscreen><\/iframe>\n<\/div><\/figure>\n\n\n\n<figure class=\"wp-block-embed is-type-video is-provider-youtube wp-block-embed-youtube wp-embed-aspect-16-9 wp-has-aspect-ratio\"><div class=\"wp-block-embed__wrapper\">\n<iframe loading=\"lazy\" title=\"Robo - Gehen wie ein Roboter (Offizielles Tanzvideo) - Lichterkinder | Kinderlieder | Spa\u00dflieder\" width=\"500\" height=\"281\" src=\"https:\/\/www.youtube.com\/embed\/cvAo94hpFkw?feature=oembed\" frameborder=\"0\" allow=\"accelerometer; autoplay; clipboard-write; encrypted-media; gyroscope; picture-in-picture; web-share\" allowfullscreen><\/iframe>\n<\/div><\/figure>\n\n\n\n<figure class=\"wp-block-embed is-type-video is-provider-youtube wp-block-embed-youtube wp-embed-aspect-16-9 wp-has-aspect-ratio\"><div class=\"wp-block-embed__wrapper\">\n<iframe loading=\"lazy\" title=\"Mission X: T\u00e4gliche Joggingeinheit\" width=\"500\" height=\"281\" src=\"https:\/\/www.youtube.com\/embed\/wVAIX-HKA9c?feature=oembed\" frameborder=\"0\" allow=\"accelerometer; autoplay; clipboard-write; encrypted-media; gyroscope; picture-in-picture; web-share\" allowfullscreen><\/iframe>\n<\/div><\/figure>\n","protected":false},"excerpt":{"rendered":"<p>Hier findest du einige Anregungen zum Lernen, Spielen, Forschen und Entdecken f\u00fcr zu Hause. Lerntipps f\u00fcr Kinder aus Klasse 3 und 4: Was du f\u00fcr deinen Alltag lernen kannst Experimente [&hellip;]<\/p>\n","protected":false},"author":1,"featured_media":0,"parent":0,"menu_order":0,"comment_status":"closed","ping_status":"closed","template":"","meta":{"_EventAllDay":false,"_EventTimezone":"","_EventStartDate":"","_EventEndDate":"","_EventStartDateUTC":"","_EventEndDateUTC":"","_EventShowMap":false,"_EventShowMapLink":false,"_EventURL":"","_EventCost":"","_EventCostDescription":"","_EventCurrencySymbol":"","_EventCurrencyCode":"","_EventCurrencyPosition":"","_EventDateTimeSeparator":"","_EventTimeRangeSeparator":"","_EventOrganizerID":[],"_EventVenueID":0,"_OrganizerEmail":"","_OrganizerPhone":"","_OrganizerWebsite":"","_VenueAddress":"","_VenueCity":"","_VenueCountry":"","_VenueProvince":"","_VenueZip":"","_VenuePhone":"","_VenueURL":"","_VenueStateProvince":"","_VenueLat":"","_VenueLng":""},"_links":{"self":[{"href":"https:\/\/herder-grundschule.de\/index.php\/wp-json\/wp\/v2\/pages\/69"}],"collection":[{"href":"https:\/\/herder-grundschule.de\/index.php\/wp-json\/wp\/v2\/pages"}],"about":[{"href":"https:\/\/herder-grundschule.de\/index.php\/wp-json\/wp\/v2\/types\/page"}],"author":[{"embeddable":true,"href":"https:\/\/herder-grundschule.de\/index.php\/wp-json\/wp\/v2\/users\/1"}],"replies":[{"embeddable":true,"href":"https:\/\/herder-grundschule.de\/index.php\/wp-json\/wp\/v2\/comments?post=69"}],"version-history":[{"count":19,"href":"https:\/\/herder-grundschule.de\/index.php\/wp-json\/wp\/v2\/pages\/69\/revisions"}],"predecessor-version":[{"id":225,"href":"https:\/\/herder-grundschule.de\/index.php\/wp-json\/wp\/v2\/pages\/69\/revisions\/225"}],"wp:attachment":[{"href":"https:\/\/herder-grundschule.de\/index.php\/wp-json\/wp\/v2\/media?parent=69"}],"curies":[{"name":"wp","href":"https:\/\/api.w.org\/{rel}","templated":true}]}}