{"id":832,"date":"2025-02-25T19:45:59","date_gmt":"2025-02-25T18:45:59","guid":{"rendered":"https:\/\/herder-grundschule.de\/?page_id=832"},"modified":"2025-02-25T19:45:59","modified_gmt":"2025-02-25T18:45:59","slug":"fachkraft-im-rahmen-von-multiprofessionellen-teams","status":"publish","type":"page","link":"https:\/\/herder-grundschule.de\/index.php\/fachkraft-im-rahmen-von-multiprofessionellen-teams\/","title":{"rendered":"Fachkraft im Rahmen von Multiprofessionellen Teams"},"content":{"rendered":"\n<p>Hallo,<\/p>\n\n\n\n<p>mein Name ist Frau Hoge und ich bin Erzieherin und Heilp\u00e4dagogin. An der Herder-Grundschule bin ich als Fachkraft im Rahmen von Multiprofessionellen Teams im Gemeinsamen Lernen t\u00e4tig.&nbsp;<\/p>\n\n\n\n<p>Mein Aufgabenbereich bezieht sich auf die dritten und vierten Klassen. Als Doppelbesetzung begleite ich den Unterricht und stehe den Kindern als Ansprechperson zur Verf\u00fcgung. Au\u00dferdem biete ich Einzel- und Gruppenf\u00f6rderungen an, um die Kompetenzen der Kinder zu st\u00e4rken und sie in ihrer individuellen Entwicklung zu unterst\u00fctzen.\u00a0<\/p>\n\n\n\n<figure class=\"wp-block-image size-full\"><img decoding=\"async\" loading=\"lazy\" width=\"200\" height=\"300\" src=\"https:\/\/herder-grundschule.de\/wp-content\/uploads\/2025\/02\/anemonenweg-2022-1479-002.jpg\" alt=\"\" class=\"wp-image-833\"\/><figcaption class=\"wp-element-caption\">Frau Hoge<\/figcaption><\/figure>\n","protected":false},"excerpt":{"rendered":"<p>Hallo, mein Name ist Frau Hoge und ich bin Erzieherin und Heilp\u00e4dagogin. An der Herder-Grundschule bin ich als Fachkraft im Rahmen von Multiprofessionellen Teams im Gemeinsamen Lernen t\u00e4tig.&nbsp; Mein Aufgabenbereich [&hellip;]<\/p>\n","protected":false},"author":1,"featured_media":0,"parent":0,"menu_order":0,"comment_status":"closed","ping_status":"closed","template":"","meta":{"_EventAllDay":false,"_EventTimezone":"","_EventStartDate":"","_EventEndDate":"","_EventStartDateUTC":"","_EventEndDateUTC":"","_EventShowMap":false,"_EventShowMapLink":false,"_EventURL":"","_EventCost":"","_EventCostDescription":"","_EventCurrencySymbol":"","_EventCurrencyCode":"","_EventCurrencyPosition":"","_EventDateTimeSeparator":"","_EventTimeRangeSeparator":"","_EventOrganizerID":[],"_EventVenueID":0,"_OrganizerEmail":"","_OrganizerPhone":"","_OrganizerWebsite":"","_VenueAddress":"","_VenueCity":"","_VenueCountry":"","_VenueProvince":"","_VenueZip":"","_VenuePhone":"","_VenueURL":"","_VenueStateProvince":"","_VenueLat":"","_VenueLng":""},"_links":{"self":[{"href":"https:\/\/herder-grundschule.de\/index.php\/wp-json\/wp\/v2\/pages\/832"}],"collection":[{"href":"https:\/\/herder-grundschule.de\/index.php\/wp-json\/wp\/v2\/pages"}],"about":[{"href":"https:\/\/herder-grundschule.de\/index.php\/wp-json\/wp\/v2\/types\/page"}],"author":[{"embeddable":true,"href":"https:\/\/herder-grundschule.de\/index.php\/wp-json\/wp\/v2\/users\/1"}],"replies":[{"embeddable":true,"href":"https:\/\/herder-grundschule.de\/index.php\/wp-json\/wp\/v2\/comments?post=832"}],"version-history":[{"count":1,"href":"https:\/\/herder-grundschule.de\/index.php\/wp-json\/wp\/v2\/pages\/832\/revisions"}],"predecessor-version":[{"id":834,"href":"https:\/\/herder-grundschule.de\/index.php\/wp-json\/wp\/v2\/pages\/832\/revisions\/834"}],"wp:attachment":[{"href":"https:\/\/herder-grundschule.de\/index.php\/wp-json\/wp\/v2\/media?parent=832"}],"curies":[{"name":"wp","href":"https:\/\/api.w.org\/{rel}","templated":true}]}}